{"id":2120,"date":"2019-05-11T18:40:06","date_gmt":"2019-05-11T18:40:06","guid":{"rendered":"https:\/\/www.vitanovadom.hr\/unterkunft\/objekt-c\/"},"modified":"2019-10-30T05:23:41","modified_gmt":"2019-10-30T05:23:41","slug":"gebaeude-c","status":"publish","type":"page","link":"https:\/\/www.vitanovadom.hr\/de\/unterkunft\/gebaeude-c\/","title":{"rendered":"Geb\u00e4ude C"},"content":{"rendered":"<p>[et_pb_section fb_built=&#8220;1&#8243; custom_padding_last_edited=&#8220;off|desktop&#8220; admin_label=&#8220;banner hero 2&#8243; _builder_version=&#8220;3.22.4&#8243; use_background_color_gradient=&#8220;on&#8220; background_color_gradient_start=&#8220;rgba(0,0,0,0.75)&#8220; background_color_gradient_end=&#8220;rgba(0,0,0,0.2)&#8220; background_color_gradient_direction=&#8220;90deg&#8220; background_color_gradient_overlays_image=&#8220;on&#8220; background_image=&#8220;https:\/\/www.vitanovadom.hr\/wp-content\/uploads\/2019\/04\/O6XH9U0.jpg&#8220; custom_padding=&#8220;0%||0%|||&#8220; collapsed=&#8220;on&#8220;][et_pb_row custom_padding=&#8220;158px||70px|||&#8220; custom_margin=&#8220;|||&#8220; _builder_version=&#8220;3.22.3&#8243; background_size=&#8220;initial&#8220; background_position=&#8220;top_left&#8220; background_repeat=&#8220;repeat&#8220; min_height=&#8220;152px&#8220; animation_style=&#8220;zoom&#8220; animation_intensity_zoom=&#8220;4%&#8220;][et_pb_column type=&#8220;4_4&#8243; _builder_version=&#8220;3.0.47&#8243;][et_pb_post_title meta=&#8220;off&#8220; featured_image=&#8220;off&#8220; _builder_version=&#8220;3.22.4&#8243; title_font=&#8220;|800|||||||&#8220; title_text_align=&#8220;center&#8220; title_text_color=&#8220;#ffffff&#8220; title_font_size=&#8220;70px&#8220; title_letter_spacing=&#8220;-2px&#8220; title_text_shadow_style=&#8220;preset3&#8243; title_text_shadow_color=&#8220;rgba(0,0,0,0.6)&#8220;][\/et_pb_post_title][\/et_pb_column][\/et_pb_row][\/et_pb_section][et_pb_section fb_built=&#8220;1&#8243; admin_label=&#8220;PONUDA&#8220; _builder_version=&#8220;3.22.4&#8243; background_size=&#8220;initial&#8220; custom_padding=&#8220;5px||5px|&#8220; collapsed=&#8220;on&#8220;][et_pb_row custom_padding=&#8220;0px||0px|||&#8220; custom_margin=&#8220;62px|auto|-6px|auto||&#8220; _builder_version=&#8220;3.22.4&#8243; collapsed=&#8220;on&#8220;][et_pb_column type=&#8220;1_5&#8243; _builder_version=&#8220;3.0.47&#8243;][\/et_pb_column][et_pb_column type=&#8220;3_5&#8243; _builder_version=&#8220;3.0.47&#8243;][et_pb_text admin_label=&#8220;Title&#8220; _builder_version=&#8220;3.22.4&#8243; text_font=&#8220;||||||||&#8220; header_font=&#8220;|600|||||||&#8220; header_2_font=&#8220;|600|||||||&#8220; header_2_text_color=&#8220;#1e1e1e&#8220; header_2_font_size=&#8220;44px&#8220; header_2_letter_spacing=&#8220;-1px&#8220; header_2_line_height=&#8220;1.8em&#8220; text_orientation=&#8220;center&#8220; custom_margin=&#8220;||15px|&#8220; animation_style=&#8220;fade&#8220;]<\/p>\n<h2>Unterkunft im Geb\u00e4ude C<\/h2>\n<p><strong>Genie\u00dfen Sie den Standard der hochwertigen Pflege, der medizinischen Versorgung oder verbringen Sie einfach die Zeit in einem Raum, der von Ruhe und sch\u00f6nen Aussichtspunkten umgeben ist.<\/strong>[\/et_pb_text][\/et_pb_column][et_pb_column type=&#8220;1_5&#8243; _builder_version=&#8220;3.0.47&#8243;][\/et_pb_column][\/et_pb_row][et_pb_row custom_padding=&#8220;0px|124px|0px|||&#8220; custom_margin=&#8220;22px|auto||auto||&#8220; _builder_version=&#8220;3.22.4&#8243; collapsed=&#8220;on&#8220;][et_pb_column type=&#8220;4_4&#8243; _builder_version=&#8220;3.0.47&#8243;][et_pb_text admin_label=&#8220;Title&#8220; _builder_version=&#8220;3.22.4&#8243; text_font=&#8220;||||||||&#8220; header_font=&#8220;|600|||||||&#8220; header_2_font=&#8220;|600|||||||&#8220; header_2_text_color=&#8220;#1e1e1e&#8220; header_2_font_size=&#8220;44px&#8220; header_2_letter_spacing=&#8220;-1px&#8220; header_2_line_height=&#8220;1.8em&#8220; text_orientation=&#8220;center&#8220; custom_margin=&#8220;||91px|||&#8220; custom_padding=&#8220;|||133px||&#8220; animation_style=&#8220;fade&#8220;]<\/p>\n<p><span size=\"3\" style=\"font-size: medium;\"><span lang=\"de-DE\">Die Geb\u00e4ude B und C sind f\u00fcr die Unterbringung von halbbeweglichen und unbeweglichen Heimbewohnern gedacht, die einen ernsthaften Allgemeinzustand aufweisen oder vollst\u00e4ndig auf die Hilfe und Pflege anderer angewiesen sind. Den Heimbewohnern, die in den Geb\u00e4uden B oder C untergebracht werden, wird medizinische Versorgung und intensive \u00dcberwachung und Hilfeleistung je nach den spezifischen Bed\u00fcrfnissen des Heimbewohners selbst gew\u00e4hrleistet. An jede Person wird ganz individuelle Herangehensweise nach berufsst\u00e4ndischen Regelungen gew\u00e4hrleistet.<\/span><\/span><\/p>\n<p lang=\"de-DE\">\n<p><span size=\"3\" style=\"font-size: medium;\"><span lang=\"de-DE\">Die Pflege und Betreuung der Heimbewohner \u00fcbernimmt das professionelle Heimpersonal, das rund um die Uhr zur Verf\u00fcgung steht.<\/span><\/span><\/p>\n<p lang=\"de-DE\">\n<p><span size=\"3\" style=\"font-size: medium;\"><span lang=\"de-DE\">Allen Heimbewohnern wird Bringen der Mahlzeiten, d.h. alle vier Mahlzeiten auf das Zimmer gew\u00e4hrleistet. Die Heimbewohner, die dies w\u00fcnschen, werden die M\u00f6glichkeit gegeben, zusammen mit den Heimbewohnern aus dem Wohnbereich des Heims im Restaurant zu essen. <\/span><\/span><\/p>\n<p lang=\"de-DE\">\n<p><span size=\"3\" style=\"font-size: medium;\"><span lang=\"de-DE\">Eine Besonderkeit der Geb\u00e4ude B und C ist die Abteilung f\u00fcr bewegliche an Alzheimerkrankheit erkrankte Menschen. Es ist eine besondere Abteilung, die technisch so ausgestattet ist, dass sie den an der Alzheimerkrankheit erkrankten Personen eine Unterkunft bietet. Diesen Heimbewohnern wird besondere Aufmerksamkeit bei dem Organisieren allt\u00e4glicher Aktivit\u00e4ten und grundlegender Lebensbed\u00fcrfnisse nach den berufsst\u00e4ndischen Regeln gewidmet.<\/span><\/span><\/p>\n<p lang=\"de-DE\">\n<p><span size=\"3\" style=\"font-size: medium;\"><span lang=\"de-DE\">In beiden Geb\u00e4uden gibt es Einzel-, Doppel- und Dreibettzimmer, die mit speziellen Krankenhausbetten ausgestattet sind und \u00fcber gemeinsame Toilletenanlagen und Badezimmer verf\u00fcgen, die speziell auf die Bed\u00fcrfnisse der schwer beweglichen und unbeweglichen Personen zugeschnitten sind. In unseren Geb\u00e4uden bieten wir auch die Unterk\u00fcnfte zum Zweck der Rehabilitation nach Operationen, Schlaganf\u00e4llen und schweren K\u00f6rperverletzungen oder Langzeiterkrankungen an.<\/span><\/span><\/p>\n<p>[\/et_pb_text][\/et_pb_column][\/et_pb_row][\/et_pb_section][et_pb_section fb_built=&#8220;1&#8243; admin_label=&#8220;o nama&#8220; _builder_version=&#8220;3.22.4&#8243; min_height=&#8220;700px&#8220; custom_margin=&#8220;-17px||31px|||&#8220; custom_padding=&#8220;60px||0px|||&#8220; collapsed=&#8220;on&#8220;][et_pb_row _builder_version=&#8220;3.22.4&#8243;][et_pb_column type=&#8220;4_4&#8243; _builder_version=&#8220;3.22.4&#8243;][et_pb_gallery gallery_ids=&#8220;319,318,320,150&#8243; show_title_and_caption=&#8220;off&#8220; show_pagination=&#8220;off&#8220; _builder_version=&#8220;3.22.4&#8243; custom_margin=&#8220;0px|0px|0px|0px&#8220; custom_padding=&#8220;|0px|0px|0px&#8220; child_mix_blend_mode=&#8220;soft-light&#8220;][\/et_pb_gallery][\/et_pb_column][\/et_pb_row][\/et_pb_section]<\/p>\n","protected":false},"excerpt":{"rendered":"<p>Unterkunft im Geb\u00e4ude C Genie\u00dfen Sie den Standard der hochwertigen Pflege, der medizinischen Versorgung oder verbringen Sie einfach die Zeit in einem Raum, der von Ruhe und sch\u00f6nen Aussichtspunkten umgeben ist.Die Geb\u00e4ude B und C sind f\u00fcr die Unterbringung von halbbeweglichen und unbeweglichen Heimbewohnern gedacht, die einen ernsthaften Allgemeinzustand aufweisen oder vollst\u00e4ndig auf die Hilfe [&hellip;]<\/p>\n","protected":false},"author":1,"featured_media":0,"parent":1904,"menu_order":0,"comment_status":"closed","ping_status":"closed","template":"","meta":{"_et_pb_use_builder":"on","_et_pb_old_content":"","_et_gb_content_width":""},"categories":[32],"tags":[],"_links":{"self":[{"href":"https:\/\/www.vitanovadom.hr\/de\/wp-json\/wp\/v2\/pages\/2120"}],"collection":[{"href":"https:\/\/www.vitanovadom.hr\/de\/wp-json\/wp\/v2\/pages"}],"about":[{"href":"https:\/\/www.vitanovadom.hr\/de\/wp-json\/wp\/v2\/types\/page"}],"author":[{"embeddable":true,"href":"https:\/\/www.vitanovadom.hr\/de\/wp-json\/wp\/v2\/users\/1"}],"replies":[{"embeddable":true,"href":"https:\/\/www.vitanovadom.hr\/de\/wp-json\/wp\/v2\/comments?post=2120"}],"version-history":[{"count":3,"href":"https:\/\/www.vitanovadom.hr\/de\/wp-json\/wp\/v2\/pages\/2120\/revisions"}],"predecessor-version":[{"id":2124,"href":"https:\/\/www.vitanovadom.hr\/de\/wp-json\/wp\/v2\/pages\/2120\/revisions\/2124"}],"up":[{"embeddable":true,"href":"https:\/\/www.vitanovadom.hr\/de\/wp-json\/wp\/v2\/pages\/1904"}],"wp:attachment":[{"href":"https:\/\/www.vitanovadom.hr\/de\/wp-json\/wp\/v2\/media?parent=2120"}],"wp:term":[{"taxonomy":"category","embeddable":true,"href":"https:\/\/www.vitanovadom.hr\/de\/wp-json\/wp\/v2\/categories?post=2120"},{"taxonomy":"post_tag","embeddable":true,"href":"https:\/\/www.vitanovadom.hr\/de\/wp-json\/wp\/v2\/tags?post=2120"}],"curies":[{"name":"wp","href":"https:\/\/api.w.org\/{rel}","templated":true}]}}