{"id":1946,"date":"2019-07-17T06:14:19","date_gmt":"2019-07-17T06:14:19","guid":{"rendered":"https:\/\/www.vitanovadom.hr\/ueber-uns\/dokumentacija\/"},"modified":"2019-10-31T04:19:32","modified_gmt":"2019-10-31T04:19:32","slug":"unterlagen","status":"publish","type":"page","link":"https:\/\/www.vitanovadom.hr\/de\/ueber-uns\/unterlagen\/","title":{"rendered":"Unterlagen"},"content":{"rendered":"<p>[et_pb_section fb_built=&#8220;1&#8243; admin_label=&#8220;o nama&#8220; _builder_version=&#8220;3.22.4&#8243; min_height=&#8220;370px&#8220; custom_margin=&#8220;-17px||2px|||&#8220; custom_padding=&#8220;52px||27px|||&#8220; collapsed=&#8220;on&#8220;][et_pb_row _builder_version=&#8220;3.22.4&#8243;][et_pb_column type=&#8220;4_4&#8243; _builder_version=&#8220;3.22.4&#8243;][et_pb_post_title meta=&#8220;off&#8220; featured_image=&#8220;off&#8220; _builder_version=&#8220;3.22.4&#8243; title_font=&#8220;Playfair Display|700|||||||&#8220; title_text_color=&#8220;#000000&#8243; title_font_size=&#8220;67px&#8220; title_letter_spacing=&#8220;-1px&#8220; custom_margin=&#8220;-1px||-2px|||&#8220;][\/et_pb_post_title][et_pb_text _builder_version=&#8220;3.22.4&#8243; text_font=&#8220;Playfair Display||||||||&#8220; text_text_color=&#8220;#000000&#8243; text_font_size=&#8220;25px&#8220; text_line_height=&#8220;1.75em&#8220; header_font=&#8220;||||||||&#8220; custom_padding=&#8220;0px||0px|||&#8220; animation_style=&#8220;flip&#8220;]<\/p>\n<blockquote>\n<p><span><\/span><\/p>\n<p class=\"Standard\"><span lang=\"HR\">Unterlagen und Anmeldeprozess<o:p><\/o:p><\/span><\/p>\n<\/blockquote>\n<p>[\/et_pb_text][\/et_pb_column][\/et_pb_row][et_pb_row _builder_version=&#8220;3.22.4&#8243;][et_pb_column type=&#8220;1_2&#8243; _builder_version=&#8220;3.22.4&#8243;][et_pb_blurb title=&#8220;Unterlagen f\u00fcr die Unterbringung der Heimbewohner &#8220; use_icon=&#8220;on&#8220; font_icon=&#8220;%%65%%&#8220; icon_placement=&#8220;left&#8220; content_max_width=&#8220;100%&#8220; _builder_version=&#8220;3.22.4&#8243; header_font=&#8220;|700|||||||&#8220; header_font_size=&#8220;31px&#8220; header_line_height=&#8220;1.1em&#8220; custom_margin=&#8220;||5%&#8220;]<\/p>\n<p><span>Erforderliche Unterlagen bei der Unterbringung der Heimbewohner: <\/span><\/p>\n<p><span>\u00a0<\/span><\/p>\n<ol>\n<li><span>Fotokopie der medizinischen Unterlagen <\/span><\/li>\n<li><span>\u00c4rztliches Attest f\u00fcr die Heimaufnahme <\/span><\/li>\n<li><span>Fotokopie des Personalausweises<\/span><\/li>\n<li><span>Fotokopie der Krankenversicherungskarte<\/span><\/li>\n<\/ol>\n<p>[\/et_pb_blurb][\/et_pb_column][et_pb_column type=&#8220;1_2&#8243; _builder_version=&#8220;3.22.4&#8243;][\/et_pb_column][\/et_pb_row][\/et_pb_section][et_pb_section fb_built=&#8220;1&#8243; admin_label=&#8220;Blog&#8220; _builder_version=&#8220;3.22.3&#8243; custom_padding=&#8220;0px|||||&#8220; collapsed=&#8220;on&#8220; global_module=&#8220;2143&#8243;][et_pb_row custom_padding=&#8220;0px||0px|||&#8220; custom_margin=&#8220;22px|auto||auto||&#8220; _builder_version=&#8220;3.22.4&#8243; collapsed=&#8220;on&#8220;][et_pb_column type=&#8220;4_4&#8243; _builder_version=&#8220;3.0.47&#8243;][et_pb_text admin_label=&#8220;Title&#8220; _builder_version=&#8220;3.22.4&#8243; text_font=&#8220;||||||||&#8220; header_font=&#8220;|600|||||||&#8220; header_2_font=&#8220;|600|||||||&#8220; header_2_text_color=&#8220;#1e1e1e&#8220; header_2_font_size=&#8220;44px&#8220; header_2_letter_spacing=&#8220;-1px&#8220; header_2_line_height=&#8220;1.8em&#8220; text_orientation=&#8220;center&#8220; min_height=&#8220;78px&#8220; custom_margin=&#8220;||15px|&#8220; custom_padding=&#8220;||0px|||&#8220; animation_style=&#8220;fade&#8220;]<\/p>\n<h2 style=\"text-align: left;\">Ank\u00fcndigungen und Neuigkeiten<\/h2>\n<p>[\/et_pb_text][\/et_pb_column][\/et_pb_row][et_pb_row custom_padding=&#8220;9px|||||&#8220; _builder_version=&#8220;3.22.3&#8243; min_height=&#8220;369px&#8220;][et_pb_column type=&#8220;4_4&#8243; _builder_version=&#8220;3.0.47&#8243;][et_pb_blog fullwidth=&#8220;off&#8220; posts_number=&#8220;3&#8243; include_categories=&#8220;all&#8220; meta_date=&#8220;j. m. Y&#8220; show_author=&#8220;off&#8220; show_pagination=&#8220;off&#8220; _builder_version=&#8220;3.22.4&#8243; header_font=&#8220;|700|||||||&#8220; header_font_size=&#8220;23px&#8220; header_line_height=&#8220;1.5em&#8220; body_font=&#8220;||||||||&#8220; body_line_height=&#8220;1.9em&#8220; meta_font=&#8220;|||on|||||&#8220; meta_font_size=&#8220;11px&#8220; meta_line_height=&#8220;2.2em&#8220; border_width_all=&#8220;0px&#8220; box_shadow_style=&#8220;preset3&#8243; box_shadow_vertical=&#8220;45px&#8220; box_shadow_blur=&#8220;71px&#8220; box_shadow_color=&#8220;rgba(18,47,100,0.06)&#8220; child_filter_brightness=&#8220;80%&#8220; child_filter_contrast=&#8220;115%&#8220; child_filter_invert=&#8220;8%&#8220; child_mix_blend_mode=&#8220;darken&#8220;][\/et_pb_blog][\/et_pb_column][\/et_pb_row][\/et_pb_section]<\/p>\n","protected":false},"excerpt":{"rendered":"<p>Unterlagen und Anmeldeprozess Erforderliche Unterlagen bei der Unterbringung der Heimbewohner: \u00a0 Fotokopie der medizinischen Unterlagen \u00c4rztliches Attest f\u00fcr die Heimaufnahme Fotokopie des Personalausweises Fotokopie der Krankenversicherungskarte Ank\u00fcndigungen und Neuigkeiten<\/p>\n","protected":false},"author":1,"featured_media":0,"parent":1919,"menu_order":0,"comment_status":"closed","ping_status":"closed","template":"","meta":{"_et_pb_use_builder":"on","_et_pb_old_content":"","_et_gb_content_width":""},"categories":[],"tags":[],"_links":{"self":[{"href":"https:\/\/www.vitanovadom.hr\/de\/wp-json\/wp\/v2\/pages\/1946"}],"collection":[{"href":"https:\/\/www.vitanovadom.hr\/de\/wp-json\/wp\/v2\/pages"}],"about":[{"href":"https:\/\/www.vitanovadom.hr\/de\/wp-json\/wp\/v2\/types\/page"}],"author":[{"embeddable":true,"href":"https:\/\/www.vitanovadom.hr\/de\/wp-json\/wp\/v2\/users\/1"}],"replies":[{"embeddable":true,"href":"https:\/\/www.vitanovadom.hr\/de\/wp-json\/wp\/v2\/comments?post=1946"}],"version-history":[{"count":4,"href":"https:\/\/www.vitanovadom.hr\/de\/wp-json\/wp\/v2\/pages\/1946\/revisions"}],"predecessor-version":[{"id":2152,"href":"https:\/\/www.vitanovadom.hr\/de\/wp-json\/wp\/v2\/pages\/1946\/revisions\/2152"}],"up":[{"embeddable":true,"href":"https:\/\/www.vitanovadom.hr\/de\/wp-json\/wp\/v2\/pages\/1919"}],"wp:attachment":[{"href":"https:\/\/www.vitanovadom.hr\/de\/wp-json\/wp\/v2\/media?parent=1946"}],"wp:term":[{"taxonomy":"category","embeddable":true,"href":"https:\/\/www.vitanovadom.hr\/de\/wp-json\/wp\/v2\/categories?post=1946"},{"taxonomy":"post_tag","embeddable":true,"href":"https:\/\/www.vitanovadom.hr\/de\/wp-json\/wp\/v2\/tags?post=1946"}],"curies":[{"name":"wp","href":"https:\/\/api.w.org\/{rel}","templated":true}]}}