{"id":1934,"date":"2019-07-17T05:40:19","date_gmt":"2019-07-17T05:40:19","guid":{"rendered":"https:\/\/www.vitanovadom.hr\/ueber-uns\/drugi-o-nama\/"},"modified":"2019-10-29T10:19:17","modified_gmt":"2019-10-29T10:19:17","slug":"andere-ueber-uns","status":"publish","type":"page","link":"https:\/\/www.vitanovadom.hr\/de\/ueber-uns\/andere-ueber-uns\/","title":{"rendered":"Andere \u00fcber uns"},"content":{"rendered":"<p>[et_pb_section fb_built=&#8220;1&#8243; fullwidth=&#8220;on&#8220; _builder_version=&#8220;3.22.4&#8243; custom_margin=&#8220;||-4px|||&#8220;][et_pb_fullwidth_slider show_arrows=&#8220;off&#8220; show_pagination=&#8220;off&#8220; admin_label=&#8220;Slider po\u010detna&#8220; module_id=&#8220;mainslider&#8220; _builder_version=&#8220;3.22.4&#8243; header_level=&#8220;h1&#8243; header_font=&#8220;|800|||||||&#8220; body_font=&#8220;||||||||&#8220; background_color=&#8220;rgba(0,0,0,0.64)&#8220; use_background_color_gradient=&#8220;on&#8220; background_color_gradient_start=&#8220;rgba(0,0,0,0.75)&#8220; background_color_gradient_end=&#8220;rgba(0,0,0,0.02)&#8220; background_color_gradient_direction=&#8220;134deg&#8220; background_color_gradient_overlays_image=&#8220;on&#8220; custom_button=&#8220;on&#8220; button_bg_use_color_gradient=&#8220;on&#8220; button_bg_color_gradient_start=&#8220;#7d2b5a&#8220; button_bg_color_gradient_end=&#8220;#b24984&#8243; button_bg_color_gradient_direction=&#8220;62deg&#8220; button_border_width=&#8220;0px&#8220; button_border_radius=&#8220;39px&#8220; button_font=&#8220;||||||||&#8220; button_icon=&#8220;%%3%%&#8220; button_icon_color=&#8220;#ffffff&#8220; button_on_hover=&#8220;off&#8220; button_alignment=&#8220;left&#8220; width_last_edited=&#8220;on|tablet&#8220; custom_margin=&#8220;|||||&#8220; custom_margin_tablet=&#8220;|||-12%&#8220; custom_margin_last_edited=&#8220;on|phone&#8220; custom_padding=&#8220;159px||155px|||&#8220;][et_pb_slide heading=&#8220;Andere \u00fcber uns&#8220; use_bg_overlay=&#8220;off&#8220; use_text_overlay=&#8220;off&#8220; _builder_version=&#8220;3.22.4&#8243; header_font=&#8220;Playfair Display|800|||||||&#8220; header_text_align=&#8220;left&#8220; header_font_size=&#8220;63px&#8220; header_letter_spacing=&#8220;-1px&#8220; body_font=&#8220;Playfair Display||||||||&#8220; body_font_size=&#8220;25px&#8220; body_font_size_phone=&#8220;18px&#8220; body_font_size_last_edited=&#8220;on|desktop&#8220; body_line_height=&#8220;1.75em&#8220; use_background_color_gradient=&#8220;on&#8220; background_color_gradient_overlays_image=&#8220;on&#8220; background_image=&#8220;https:\/\/www.vitanovadom.hr\/wp-content\/uploads\/2019\/07\/Drugi-o-nama.jpg&#8220; custom_button=&#8220;on&#8220; button_text_size=&#8220;17px&#8220; button_font=&#8220;|||on|||||&#8220; button_use_icon=&#8220;on&#8220; button_icon=&#8220;%%3%%&#8220; button_icon_color=&#8220;#ffffff&#8220; button_on_hover=&#8220;off&#8220; text_orientation=&#8220;left&#8220; custom_padding=&#8220;|40%||0px&#8220; custom_padding_tablet=&#8220;|0%||&#8220; custom_padding_phone=&#8220;|0%||&#8220; custom_padding_last_edited=&#8220;on|phone&#8220;]<\/p>\n<blockquote>\n<p><span>Auf der Suche nach einem Heim f\u00fcr unsere Mutter haben wir viele Alten-Pflegeheime besichtigt, aber keines war in Bezug auf Qualit\u00e4t und Leistung mit ihrem Heim vergleichbar. Setzen Sie so mit ihrer Arbeit fort&#8230;<\/p>\n<p><\/span><\/p>\n<\/blockquote>\n<p>[\/et_pb_slide][\/et_pb_fullwidth_slider][\/et_pb_section][et_pb_section fb_built=&#8220;1&#8243; _builder_version=&#8220;3.22.4&#8243; background_color=&#8220;rgba(0,0,0,0.02)&#8220; custom_padding=&#8220;49px||46px|||&#8220;][et_pb_row custom_padding=&#8220;0px||8px|||&#8220; _builder_version=&#8220;3.22.4&#8243;][et_pb_column type=&#8220;1_2&#8243; _builder_version=&#8220;3.22.4&#8243;][et_pb_blurb title=&#8220;Marinka I.&#8220; use_icon=&#8220;on&#8220; font_icon=&#8220;%%90%%&#8220; icon_placement=&#8220;left&#8220; use_icon_font_size=&#8220;on&#8220; icon_font_size=&#8220;100px&#8220; _builder_version=&#8220;3.22.4&#8243; header_font=&#8220;Cormorant Garamond|700|||||||&#8220; header_font_size=&#8220;32px&#8220; body_font=&#8220;|300|on||||||&#8220; body_font_size=&#8220;19px&#8220; custom_padding=&#8220;|||0px||&#8220;]<\/p>\n<p>Ich m\u00f6chte mich bei allen Mitarbeitern von Vitanova f\u00fcr ihre Geduld, Freundlichkeit und das, was meine Mutter von Ihnen erhalten hat, bedanken und besonders bei Luiza, Krankenschwester Sanja und Krankenpfleger Mateo sowie Hausmeister Mirko. Ich kann es herzlich empfehlen.<\/p>\n<p>[\/et_pb_blurb][\/et_pb_column][et_pb_column type=&#8220;1_2&#8243; _builder_version=&#8220;3.22.4&#8243;][et_pb_blurb title=&#8220;Ante H.&#8220; use_icon=&#8220;on&#8220; font_icon=&#8220;%%90%%&#8220; icon_placement=&#8220;left&#8220; use_icon_font_size=&#8220;on&#8220; icon_font_size=&#8220;100px&#8220; _builder_version=&#8220;3.22.4&#8243; header_font=&#8220;Cormorant Garamond|700|||||||&#8220; header_font_size=&#8220;32px&#8220; body_font=&#8220;|300|on||||||&#8220; body_font_size=&#8220;19px&#8220; custom_padding=&#8220;|||0px||&#8220;]<\/p>\n<p>Auf der Suche nach einem Heim f\u00fcr unsere Mutter haben wir viele Alten-Pflegeheime besichtigt, aber keines war in Bezug auf Qualit\u00e4t und Leistung mit ihrem Heim vergleichbar. Setzen Sie so mit ihrer Arbeit fort&#8230;<\/p>\n<p>[\/et_pb_blurb][\/et_pb_column][\/et_pb_row][et_pb_row custom_padding=&#8220;0px||8px|||&#8220; custom_margin=&#8220;41px|auto|41px|auto||&#8220; _builder_version=&#8220;3.22.4&#8243;][et_pb_column type=&#8220;1_2&#8243; _builder_version=&#8220;3.22.4&#8243;][et_pb_blurb title=&#8220;Die Familie des Heimbewohners &#8220; use_icon=&#8220;on&#8220; font_icon=&#8220;%%90%%&#8220; icon_placement=&#8220;left&#8220; use_icon_font_size=&#8220;on&#8220; icon_font_size=&#8220;100px&#8220; _builder_version=&#8220;3.22.4&#8243; header_font=&#8220;Cormorant Garamond|700|||||||&#8220; header_font_size=&#8220;32px&#8220; body_font=&#8220;|300|on||||||&#8220; body_font_size=&#8220;19px&#8220; custom_padding=&#8220;|||0px||&#8220;]<\/p>\n<p>Ihre Mitarbeiter haben uns nicht nur mit ihrer hochwertigen Versorgung und Betreuung, sondern auch mit einer professionellen aber auch emotionalen Herangehensweise in den schwierigsten Momenten erobert. Ich bedanke mich daf\u00fcr <\/p>\n<p>[\/et_pb_blurb][\/et_pb_column][et_pb_column type=&#8220;1_2&#8243; _builder_version=&#8220;3.22.4&#8243;][et_pb_blurb title=&#8220;Haumbewohnerin&#8220; use_icon=&#8220;on&#8220; font_icon=&#8220;%%90%%&#8220; icon_placement=&#8220;left&#8220; use_icon_font_size=&#8220;on&#8220; icon_font_size=&#8220;100px&#8220; _builder_version=&#8220;3.22.4&#8243; header_font=&#8220;Cormorant Garamond|700|||||||&#8220; header_font_size=&#8220;32px&#8220; body_font=&#8220;|300|on||||||&#8220; body_font_size=&#8220;19px&#8220; custom_padding=&#8220;|||0px||&#8220;]<\/p>\n<p>Mir gef\u00e4llt es hier sehr. Ich fand meine Ruhe und Sicherheit. Mir fehl es nur, mich in jemanden zu verlieben!<\/p>\n<p>[\/et_pb_blurb][\/et_pb_column][\/et_pb_row][et_pb_row custom_padding=&#8220;2px||8px|||&#8220; _builder_version=&#8220;3.22.4&#8243;][et_pb_column type=&#8220;1_2&#8243; _builder_version=&#8220;3.22.4&#8243;][et_pb_blurb title=&#8220;Heimbewohner&#8220; use_icon=&#8220;on&#8220; font_icon=&#8220;%%90%%&#8220; icon_placement=&#8220;left&#8220; use_icon_font_size=&#8220;on&#8220; icon_font_size=&#8220;100px&#8220; _builder_version=&#8220;3.22.4&#8243; header_font=&#8220;Cormorant Garamond|700|||||||&#8220; header_font_size=&#8220;32px&#8220; body_font=&#8220;|300|on||||||&#8220; body_font_size=&#8220;19px&#8220; custom_padding=&#8220;|||0px||&#8220;]<\/p>\n<p>Sobald ich meine Frau verlor, musste ich auf mich selbst aufpassen. Vitanova hat mir alles gegeben, was ich gerade in meinem Leben brauchte: sauberes Zimmer, saubere W\u00e4sche, tolle Gesellschaft und vor allem, gutes Essen!<\/p>\n<p>[\/et_pb_blurb][\/et_pb_column][et_pb_column type=&#8220;1_2&#8243; _builder_version=&#8220;3.22.4&#8243;][et_pb_blurb title=&#8220;Ehemalige Mitarbeiterin&#8220; use_icon=&#8220;on&#8220; font_icon=&#8220;%%90%%&#8220; icon_placement=&#8220;left&#8220; use_icon_font_size=&#8220;on&#8220; icon_font_size=&#8220;100px&#8220; _builder_version=&#8220;3.22.4&#8243; header_font=&#8220;Cormorant Garamond|700|||||||&#8220; header_font_size=&#8220;32px&#8220; body_font=&#8220;|300|on||||||&#8220; body_font_size=&#8220;19px&#8220; custom_padding=&#8220;|||0px||&#8220;]<\/p>\n<p>Ich h\u00e4tte diese Einrichtung niemals verlassen, wenn ich aufgrund meiner Lebensumst\u00e4nde nicht in eine andere Stadt h\u00e4tte umziehen m\u00fcssen. Eine wunderbare Arbeitsatmosph\u00e4re und vor allem ein menschliches Verh\u00e4ltnis zwischen den Kollegen und gegen\u00fcber den Bewohnern machen dieses Heim etwas ganz Besonderes!<\/p>\n<p>[\/et_pb_blurb][\/et_pb_column][\/et_pb_row][\/et_pb_section][et_pb_section fb_built=&#8220;1&#8243; _builder_version=&#8220;3.22.4&#8243; background_image=&#8220;https:\/\/www.vitanovadom.hr\/wp-content\/uploads\/2019\/07\/valdenaga_bg-1.png&#8220; background_size=&#8220;contain&#8220; background_position=&#8220;top_left&#8220; custom_padding=&#8220;49px|||||&#8220;][et_pb_row use_custom_gutter=&#8220;on&#8220; gutter_width=&#8220;2&#8243; custom_padding=&#8220;|||||&#8220; make_equal=&#8220;on&#8220; background_color_3=&#8220;#9d4276&#8243; bg_img_2=&#8220;https:\/\/www.vitanovadom.hr\/wp-content\/uploads\/2019\/05\/radna.jpg&#8220; padding_top_bottom_link_1=&#8220;true&#8220; padding_top_bottom_link_3=&#8220;true&#8220; padding_left_right_link_1=&#8220;true&#8220; padding_left_right_link_3=&#8220;true&#8220; background_blend_2=&#8220;normal&#8220; use_background_color_gradient_2=&#8220;on&#8220; background_color_gradient_start_2=&#8220;rgba(0,0,0,0.18)&#8220; background_color_gradient_end_2=&#8220;rgba(0,0,0,0.18)&#8220; background_color_gradient_overlays_image_2=&#8220;on&#8220; padding_top_1=&#8220;30px&#8220; padding_top_3=&#8220;30px&#8220; padding_right_1=&#8220;30px&#8220; padding_right_3=&#8220;30px&#8220; padding_bottom_1=&#8220;30px&#8220; padding_bottom_3=&#8220;30px&#8220; padding_left_1=&#8220;30px&#8220; padding_left_3=&#8220;30px&#8220; _builder_version=&#8220;3.22.4&#8243;][et_pb_column type=&#8220;1_3&#8243; _builder_version=&#8220;3.22.4&#8243;][et_pb_blurb title=&#8220;Kontakte und Standort&#8220; url=&#8220;http:\/\/Kako%20do%20nas?&#8220; use_icon=&#8220;on&#8220; _builder_version=&#8220;3.22.4&#8243; header_font=&#8220;Cormorant Garamond|700|||||||&#8220; header_font_size=&#8220;38px&#8220; header_line_height=&#8220;1.3em&#8220; text_orientation=&#8220;center&#8220;]<\/p>\n<p><strong>T: <a href=\"tel:+38551498850\" target=\"_blank\" rel=\"noopener noreferrer\">+385 51 498 850<\/a><\/strong><\/p>\n<p><strong>E: <a href=\"mailto:info@vitanovadom.hr\" target=\"_blank\" rel=\"noopener noreferrer\">info@vitanovadom.hr<\/a><\/strong><\/p>\n<p>Marini\u0107i 21c<br \/> 51216 Marini\u0107i, Rijeka<\/p>\n<p>[\/et_pb_blurb][et_pb_button button_text=&#8220;STANDORT&#8220; button_alignment=&#8220;center&#8220; _builder_version=&#8220;3.22.4&#8243; custom_button=&#8220;on&#8220; button_text_size=&#8220;15px&#8220; button_text_color=&#8220;#9d4276&#8243; button_bg_color_gradient_start=&#8220;#78aa4a&#8220; button_bg_color_gradient_end=&#8220;#8ed34a&#8220; button_bg_color_gradient_direction=&#8220;90deg&#8220; button_border_width=&#8220;1px&#8220; button_border_color=&#8220;#9d4276&#8243; button_border_radius=&#8220;55px&#8220; button_letter_spacing=&#8220;0px&#8220; button_font=&#8220;|600||on|||||&#8220; button_icon=&#8220;%%3%%&#8220; button_icon_color=&#8220;#9d4276&#8243; button_on_hover=&#8220;off&#8220; background_layout=&#8220;dark&#8220; custom_margin=&#8220;|||&#8220; custom_padding=&#8220;12px|72px|12px|55px&#8220; animation_style=&#8220;zoom&#8220; animation_direction=&#8220;left&#8220; animation_delay=&#8220;200ms&#8220; animation_intensity_zoom=&#8220;10%&#8220; button_text_size__hover_enabled=&#8220;off&#8220; button_one_text_size__hover_enabled=&#8220;off&#8220; button_two_text_size__hover_enabled=&#8220;off&#8220; button_text_color__hover_enabled=&#8220;off&#8220; button_one_text_color__hover_enabled=&#8220;off&#8220; button_two_text_color__hover_enabled=&#8220;off&#8220; button_border_width__hover_enabled=&#8220;off&#8220; button_one_border_width__hover_enabled=&#8220;off&#8220; button_two_border_width__hover_enabled=&#8220;off&#8220; button_border_color__hover_enabled=&#8220;off&#8220; button_one_border_color__hover_enabled=&#8220;off&#8220; button_two_border_color__hover_enabled=&#8220;off&#8220; button_border_radius__hover_enabled=&#8220;off&#8220; button_one_border_radius__hover_enabled=&#8220;off&#8220; button_two_border_radius__hover_enabled=&#8220;off&#8220; button_letter_spacing__hover_enabled=&#8220;off&#8220; button_one_letter_spacing__hover_enabled=&#8220;off&#8220; button_two_letter_spacing__hover_enabled=&#8220;off&#8220; button_bg_color__hover_enabled=&#8220;off&#8220; button_one_bg_color__hover_enabled=&#8220;off&#8220; button_two_bg_color__hover_enabled=&#8220;off&#8220;][\/et_pb_button][\/et_pb_column][et_pb_column type=&#8220;1_3&#8243; _builder_version=&#8220;3.22.4&#8243;][\/et_pb_column][et_pb_column type=&#8220;1_3&#8243; _builder_version=&#8220;3.22.4&#8243;][et_pb_text _builder_version=&#8220;3.22.4&#8243; text_font=&#8220;||||||||&#8220; text_text_color=&#8220;#ffffff&#8220; text_font_size=&#8220;17px&#8220; text_line_height=&#8220;1.5em&#8220; header_font=&#8220;||||||||&#8220; header_3_font=&#8220;Cormorant Garamond|700|||||||&#8220; header_3_text_color=&#8220;#ffffff&#8220; header_3_font_size=&#8220;38px&#8220; header_3_line_height=&#8220;1.3em&#8220; text_orientation=&#8220;center&#8220;]<\/p>\n<h3><span>Anfragen und Informationen <\/span><\/h3>\n<p><span>Haben Sie eine Frage an uns oder ben\u00f6tigen Sie weitere Informationen \u00fcber das Heim und unsere Dienstleistungen?<br \/> <\/span><span>Senden Sie uns einfach eine Anfrage. <\/span><\/p>\n<p>[\/et_pb_text][et_pb_button button_text=&#8220;SENDEN SIE EINE ANFRAGE&#8220; button_alignment=&#8220;center&#8220; _builder_version=&#8220;3.22.4&#8243; custom_button=&#8220;on&#8220; button_text_size=&#8220;15px&#8220; button_text_color=&#8220;#ffffff&#8220; button_bg_color_gradient_start=&#8220;#78aa4a&#8220; button_bg_color_gradient_end=&#8220;#8ed34a&#8220; button_bg_color_gradient_direction=&#8220;90deg&#8220; button_border_width=&#8220;1px&#8220; button_border_color=&#8220;#ffffff&#8220; button_border_radius=&#8220;55px&#8220; button_letter_spacing=&#8220;0px&#8220; button_font=&#8220;|600||on|||||&#8220; button_icon=&#8220;%%3%%&#8220; button_icon_color=&#8220;#ffffff&#8220; button_on_hover=&#8220;off&#8220; background_layout=&#8220;dark&#8220; custom_margin=&#8220;25px||12px|&#8220; custom_padding=&#8220;12px|72px|12px|55px&#8220; animation_style=&#8220;zoom&#8220; animation_direction=&#8220;left&#8220; animation_delay=&#8220;200ms&#8220; animation_intensity_zoom=&#8220;10%&#8220; button_text_size__hover_enabled=&#8220;off&#8220; button_one_text_size__hover_enabled=&#8220;off&#8220; button_two_text_size__hover_enabled=&#8220;off&#8220; button_text_color__hover_enabled=&#8220;off&#8220; button_one_text_color__hover_enabled=&#8220;off&#8220; button_two_text_color__hover_enabled=&#8220;off&#8220; button_border_width__hover_enabled=&#8220;off&#8220; button_one_border_width__hover_enabled=&#8220;off&#8220; button_two_border_width__hover_enabled=&#8220;off&#8220; button_border_color__hover_enabled=&#8220;off&#8220; button_one_border_color__hover_enabled=&#8220;off&#8220; button_two_border_color__hover_enabled=&#8220;off&#8220; button_border_radius__hover_enabled=&#8220;off&#8220; button_one_border_radius__hover_enabled=&#8220;off&#8220; button_two_border_radius__hover_enabled=&#8220;off&#8220; button_letter_spacing__hover_enabled=&#8220;off&#8220; button_one_letter_spacing__hover_enabled=&#8220;off&#8220; button_two_letter_spacing__hover_enabled=&#8220;off&#8220; button_bg_color__hover_enabled=&#8220;off&#8220; button_one_bg_color__hover_enabled=&#8220;off&#8220; button_two_bg_color__hover_enabled=&#8220;off&#8220;][\/et_pb_button][\/et_pb_column][\/et_pb_row][\/et_pb_section][et_pb_section fb_built=&#8220;1&#8243; admin_label=&#8220;PONUDA&#8220; _builder_version=&#8220;3.22.4&#8243; background_size=&#8220;initial&#8220; custom_padding=&#8220;5px||5px|&#8220; collapsed=&#8220;on&#8220;][et_pb_row _builder_version=&#8220;3.22.4&#8243;][et_pb_column type=&#8220;3_5&#8243; _builder_version=&#8220;3.22.4&#8243;][et_pb_text _builder_version=&#8220;3.22.4&#8243; text_font=&#8220;|300|||||||&#8220; text_font_size=&#8220;20px&#8220; text_line_height=&#8220;1.6em&#8220; header_font=&#8220;||||||||&#8220; header_3_font=&#8220;Cormorant Garamond|700|||||||&#8220; header_3_font_size=&#8220;50px&#8220; header_3_line_height=&#8220;1.8em&#8220;]<\/p>\n<h3>Dienstleistungen im Heim<\/h3>\n<p>Vitanova ist ein Heim, in dem wir mit Hilfe von professionellen und motivierten Mitarbeitern ein Heim schaffen, das eine hervorragende und professionelle Dienstleistung mit einer heimischen Atmosph\u00e4re verkn\u00fcpft.[\/et_pb_text][\/et_pb_column][et_pb_column type=&#8220;2_5&#8243; _builder_version=&#8220;3.22.4&#8243;][\/et_pb_column][\/et_pb_row][et_pb_row _builder_version=&#8220;3.22.4&#8243;][et_pb_column type=&#8220;4_4&#8243; _builder_version=&#8220;3.22.4&#8243;][et_pb_portfolio fullwidth=&#8220;off&#8220; posts_number=&#8220;4&#8243; include_categories=&#8220;8&#8243; show_categories=&#8220;off&#8220; show_pagination=&#8220;off&#8220; _builder_version=&#8220;3.22.4&#8243; title_font=&#8220;|800|||||||&#8220; title_font_size=&#8220;18px&#8220; title_line_height=&#8220;1.5em&#8220; min_height=&#8220;262px&#8220; custom_margin=&#8220;||-15px|||&#8220; custom_padding=&#8220;||0px|||&#8220;][\/et_pb_portfolio][et_pb_button button_text=&#8220;Sve usluge u domu&#8220; button_alignment=&#8220;center&#8220; _builder_version=&#8220;3.22.4&#8243; custom_button=&#8220;on&#8220; button_text_size=&#8220;15px&#8220; button_text_color=&#8220;#9d4276&#8243; button_bg_color_gradient_start=&#8220;#78aa4a&#8220; button_bg_color_gradient_end=&#8220;#8ed34a&#8220; button_bg_color_gradient_direction=&#8220;90deg&#8220; button_border_width=&#8220;1px&#8220; button_border_color=&#8220;#9d4276&#8243; button_border_radius=&#8220;55px&#8220; button_letter_spacing=&#8220;0px&#8220; button_font=&#8220;|600||on|||||&#8220; button_icon=&#8220;%%3%%&#8220; button_icon_color=&#8220;#9d4276&#8243; button_on_hover=&#8220;off&#8220; background_layout=&#8220;dark&#8220; custom_margin=&#8220;|||&#8220; custom_padding=&#8220;12px|72px|12px|55px&#8220; animation_style=&#8220;zoom&#8220; animation_direction=&#8220;left&#8220; animation_delay=&#8220;200ms&#8220; animation_intensity_zoom=&#8220;10%&#8220; button_text_size__hover_enabled=&#8220;off&#8220; button_one_text_size__hover_enabled=&#8220;off&#8220; button_two_text_size__hover_enabled=&#8220;off&#8220; button_text_color__hover_enabled=&#8220;off&#8220; button_one_text_color__hover_enabled=&#8220;off&#8220; button_two_text_color__hover_enabled=&#8220;off&#8220; button_border_width__hover_enabled=&#8220;off&#8220; button_one_border_width__hover_enabled=&#8220;off&#8220; button_two_border_width__hover_enabled=&#8220;off&#8220; button_border_color__hover_enabled=&#8220;off&#8220; button_one_border_color__hover_enabled=&#8220;off&#8220; button_two_border_color__hover_enabled=&#8220;off&#8220; button_border_radius__hover_enabled=&#8220;off&#8220; button_one_border_radius__hover_enabled=&#8220;off&#8220; button_two_border_radius__hover_enabled=&#8220;off&#8220; button_letter_spacing__hover_enabled=&#8220;off&#8220; button_one_letter_spacing__hover_enabled=&#8220;off&#8220; button_two_letter_spacing__hover_enabled=&#8220;off&#8220; button_bg_color__hover_enabled=&#8220;off&#8220; button_one_bg_color__hover_enabled=&#8220;off&#8220; button_two_bg_color__hover_enabled=&#8220;off&#8220;][\/et_pb_button][\/et_pb_column][\/et_pb_row][\/et_pb_section]<\/p>\n","protected":false},"excerpt":{"rendered":"<p>Auf der Suche nach einem Heim f\u00fcr unsere Mutter haben wir viele Alten-Pflegeheime besichtigt, aber keines war in Bezug auf Qualit\u00e4t und Leistung mit ihrem Heim vergleichbar. Setzen Sie so mit ihrer Arbeit fort&#8230; Ich m\u00f6chte mich bei allen Mitarbeitern von Vitanova f\u00fcr ihre Geduld, Freundlichkeit und das, was meine Mutter von Ihnen erhalten hat, [&hellip;]<\/p>\n","protected":false},"author":1,"featured_media":0,"parent":1919,"menu_order":0,"comment_status":"closed","ping_status":"closed","template":"","meta":{"_et_pb_use_builder":"on","_et_pb_old_content":"","_et_gb_content_width":""},"categories":[],"tags":[],"_links":{"self":[{"href":"https:\/\/www.vitanovadom.hr\/de\/wp-json\/wp\/v2\/pages\/1934"}],"collection":[{"href":"https:\/\/www.vitanovadom.hr\/de\/wp-json\/wp\/v2\/pages"}],"about":[{"href":"https:\/\/www.vitanovadom.hr\/de\/wp-json\/wp\/v2\/types\/page"}],"author":[{"embeddable":true,"href":"https:\/\/www.vitanovadom.hr\/de\/wp-json\/wp\/v2\/users\/1"}],"replies":[{"embeddable":true,"href":"https:\/\/www.vitanovadom.hr\/de\/wp-json\/wp\/v2\/comments?post=1934"}],"version-history":[{"count":6,"href":"https:\/\/www.vitanovadom.hr\/de\/wp-json\/wp\/v2\/pages\/1934\/revisions"}],"predecessor-version":[{"id":1986,"href":"https:\/\/www.vitanovadom.hr\/de\/wp-json\/wp\/v2\/pages\/1934\/revisions\/1986"}],"up":[{"embeddable":true,"href":"https:\/\/www.vitanovadom.hr\/de\/wp-json\/wp\/v2\/pages\/1919"}],"wp:attachment":[{"href":"https:\/\/www.vitanovadom.hr\/de\/wp-json\/wp\/v2\/media?parent=1934"}],"wp:term":[{"taxonomy":"category","embeddable":true,"href":"https:\/\/www.vitanovadom.hr\/de\/wp-json\/wp\/v2\/categories?post=1934"},{"taxonomy":"post_tag","embeddable":true,"href":"https:\/\/www.vitanovadom.hr\/de\/wp-json\/wp\/v2\/tags?post=1934"}],"curies":[{"name":"wp","href":"https:\/\/api.w.org\/{rel}","templated":true}]}}