{"id":1931,"date":"2019-05-11T18:37:54","date_gmt":"2019-05-11T18:37:54","guid":{"rendered":"https:\/\/www.vitanovadom.hr\/ueber-uns\/partneri\/"},"modified":"2019-10-31T04:18:29","modified_gmt":"2019-10-31T04:18:29","slug":"partner","status":"publish","type":"page","link":"https:\/\/www.vitanovadom.hr\/de\/ueber-uns\/partner\/","title":{"rendered":"Partner"},"content":{"rendered":"<p>[et_pb_section fb_built=&#8220;1&#8243; admin_label=&#8220;o nama&#8220; _builder_version=&#8220;3.22.4&#8243; custom_margin=&#8220;-17px||2px|||&#8220; custom_padding=&#8220;52px||27px|||&#8220; collapsed=&#8220;on&#8220;][et_pb_row _builder_version=&#8220;3.22.4&#8243;][et_pb_column type=&#8220;4_4&#8243; _builder_version=&#8220;3.22.4&#8243;][et_pb_post_title meta=&#8220;off&#8220; featured_image=&#8220;off&#8220; _builder_version=&#8220;3.22.4&#8243; title_font=&#8220;Playfair Display|700|||||||&#8220; title_text_color=&#8220;#000000&#8243; title_font_size=&#8220;67px&#8220; title_letter_spacing=&#8220;-1px&#8220; custom_margin=&#8220;-1px||-2px|||&#8220;][\/et_pb_post_title][\/et_pb_column][\/et_pb_row][\/et_pb_section][et_pb_section fb_built=&#8220;1&#8243; _builder_version=&#8220;3.22.4&#8243; background_color=&#8220;rgba(0,0,0,0.02)&#8220; custom_padding=&#8220;49px||46px|||&#8220;][et_pb_row custom_padding=&#8220;25px||31px|||&#8220; custom_margin=&#8220;-5px|auto||auto||&#8220; _builder_version=&#8220;3.22.4&#8243;][et_pb_column type=&#8220;1_4&#8243; _builder_version=&#8220;3.22.4&#8243;][et_pb_image src=&#8220;https:\/\/www.vitanovadom.hr\/wp-content\/uploads\/2019\/07\/partner-uniqua.png&#8220; _builder_version=&#8220;3.22.4&#8243;][\/et_pb_image][\/et_pb_column][et_pb_column type=&#8220;1_4&#8243; _builder_version=&#8220;3.22.4&#8243;][et_pb_image src=&#8220;https:\/\/www.vitanovadom.hr\/wp-content\/uploads\/2019\/07\/partner-optima.png&#8220; _builder_version=&#8220;3.22.4&#8243;][\/et_pb_image][\/et_pb_column][et_pb_column type=&#8220;1_4&#8243; _builder_version=&#8220;3.22.4&#8243;][et_pb_image src=&#8220;https:\/\/www.vitanovadom.hr\/wp-content\/uploads\/2019\/07\/partner-alca.png&#8220; _builder_version=&#8220;3.22.4&#8243;][\/et_pb_image][\/et_pb_column][et_pb_column type=&#8220;1_4&#8243; _builder_version=&#8220;3.22.4&#8243;][et_pb_image src=&#8220;https:\/\/www.vitanovadom.hr\/wp-content\/uploads\/2019\/07\/partner-ljekarne.png&#8220; _builder_version=&#8220;3.22.4&#8243;][\/et_pb_image][\/et_pb_column][\/et_pb_row][et_pb_row custom_padding=&#8220;31px||8px|||&#8220; _builder_version=&#8220;3.22.4&#8243; min_height=&#8220;288px&#8220;][et_pb_column type=&#8220;1_4&#8243; _builder_version=&#8220;3.22.4&#8243;][et_pb_image src=&#8220;https:\/\/www.vitanovadom.hr\/wp-content\/uploads\/2019\/07\/partner-et.png&#8220; _builder_version=&#8220;3.22.4&#8243;][\/et_pb_image][\/et_pb_column][et_pb_column type=&#8220;1_4&#8243; _builder_version=&#8220;3.22.4&#8243;][et_pb_image src=&#8220;https:\/\/www.vitanovadom.hr\/wp-content\/uploads\/2019\/07\/partner-bon-ton.png&#8220; _builder_version=&#8220;3.22.4&#8243;][\/et_pb_image][\/et_pb_column][et_pb_column type=&#8220;1_4&#8243; _builder_version=&#8220;3.22.4&#8243;][et_pb_image src=&#8220;https:\/\/www.vitanovadom.hr\/wp-content\/uploads\/2019\/07\/partner-markething.png&#8220; _builder_version=&#8220;3.22.4&#8243;][\/et_pb_image][\/et_pb_column][et_pb_column type=&#8220;1_4&#8243; _builder_version=&#8220;3.22.4&#8243;][et_pb_image src=&#8220;https:\/\/www.vitanovadom.hr\/wp-content\/uploads\/2019\/07\/partner-indel.png&#8220; _builder_version=&#8220;3.22.4&#8243;][\/et_pb_image][\/et_pb_column][\/et_pb_row][et_pb_row custom_padding=&#8220;31px||8px|||&#8220; _builder_version=&#8220;3.22.4&#8243; min_height=&#8220;288px&#8220;][et_pb_column type=&#8220;1_4&#8243; _builder_version=&#8220;3.22.4&#8243;][et_pb_image src=&#8220;https:\/\/www.vitanovadom.hr\/wp-content\/uploads\/2019\/07\/partner-bauerfind.png&#8220; _builder_version=&#8220;3.22.4&#8243;][\/et_pb_image][\/et_pb_column][et_pb_column type=&#8220;1_4&#8243; _builder_version=&#8220;3.22.4&#8243;][\/et_pb_column][et_pb_column type=&#8220;1_4&#8243; _builder_version=&#8220;3.22.4&#8243;][\/et_pb_column][et_pb_column type=&#8220;1_4&#8243; _builder_version=&#8220;3.22.4&#8243;][\/et_pb_column][\/et_pb_row][\/et_pb_section][et_pb_section fb_built=&#8220;1&#8243; _builder_version=&#8220;3.22.4&#8243; background_image=&#8220;https:\/\/www.vitanovadom.hr\/wp-content\/uploads\/2019\/07\/valdenaga_bg-1.png&#8220; background_size=&#8220;contain&#8220; background_position=&#8220;top_left&#8220; custom_padding=&#8220;49px|||||&#8220;][et_pb_row use_custom_gutter=&#8220;on&#8220; gutter_width=&#8220;2&#8243; custom_padding=&#8220;|||||&#8220; make_equal=&#8220;on&#8220; background_color_3=&#8220;#9d4276&#8243; bg_img_2=&#8220;https:\/\/www.vitanovadom.hr\/wp-content\/uploads\/2019\/05\/radna.jpg&#8220; padding_top_bottom_link_1=&#8220;true&#8220; padding_top_bottom_link_3=&#8220;true&#8220; padding_left_right_link_1=&#8220;true&#8220; padding_left_right_link_3=&#8220;true&#8220; background_blend_2=&#8220;normal&#8220; use_background_color_gradient_2=&#8220;on&#8220; background_color_gradient_start_2=&#8220;rgba(0,0,0,0.18)&#8220; background_color_gradient_end_2=&#8220;rgba(0,0,0,0.18)&#8220; background_color_gradient_overlays_image_2=&#8220;on&#8220; padding_top_1=&#8220;30px&#8220; padding_top_3=&#8220;30px&#8220; padding_right_1=&#8220;30px&#8220; padding_right_3=&#8220;30px&#8220; padding_bottom_1=&#8220;30px&#8220; padding_bottom_3=&#8220;30px&#8220; padding_left_1=&#8220;30px&#8220; padding_left_3=&#8220;30px&#8220; _builder_version=&#8220;3.22.4&#8243;][et_pb_column type=&#8220;1_3&#8243; _builder_version=&#8220;3.22.4&#8243;][et_pb_blurb title=&#8220;Kontakte und Standort&#8220; url=&#8220;http:\/\/Kako%20do%20nas?&#8220; use_icon=&#8220;on&#8220; _builder_version=&#8220;3.22.4&#8243; header_font=&#8220;Cormorant Garamond|700|||||||&#8220; header_font_size=&#8220;38px&#8220; header_line_height=&#8220;1.3em&#8220; text_orientation=&#8220;center&#8220;]<\/p>\n<p><strong>T: <a href=\"tel:+38551498850\" target=\"_blank\" rel=\"noopener noreferrer\">+385 51 498 850<\/a><\/strong><\/p>\n<p><strong>E: <a href=\"mailto:info@vitanovadom.hr\" target=\"_blank\" rel=\"noopener noreferrer\">info@vitanovadom.hr<\/a><\/strong><\/p>\n<p>Marini\u0107i 21c<br \/> 51216 Marini\u0107i, Rijeka<\/p>\n<p>[\/et_pb_blurb][et_pb_button button_text=&#8220;STANDORT&#8220; button_alignment=&#8220;center&#8220; _builder_version=&#8220;3.22.4&#8243; custom_button=&#8220;on&#8220; button_text_size=&#8220;15px&#8220; button_text_color=&#8220;#9d4276&#8243; button_bg_color_gradient_start=&#8220;#78aa4a&#8220; button_bg_color_gradient_end=&#8220;#8ed34a&#8220; button_bg_color_gradient_direction=&#8220;90deg&#8220; button_border_width=&#8220;1px&#8220; button_border_color=&#8220;#9d4276&#8243; button_border_radius=&#8220;55px&#8220; button_letter_spacing=&#8220;0px&#8220; button_font=&#8220;|600||on|||||&#8220; button_icon=&#8220;%%3%%&#8220; button_icon_color=&#8220;#9d4276&#8243; button_on_hover=&#8220;off&#8220; background_layout=&#8220;dark&#8220; custom_margin=&#8220;|||&#8220; custom_padding=&#8220;12px|72px|12px|55px&#8220; animation_style=&#8220;zoom&#8220; animation_direction=&#8220;left&#8220; animation_delay=&#8220;200ms&#8220; animation_intensity_zoom=&#8220;10%&#8220; button_text_size__hover_enabled=&#8220;off&#8220; button_one_text_size__hover_enabled=&#8220;off&#8220; button_two_text_size__hover_enabled=&#8220;off&#8220; button_text_color__hover_enabled=&#8220;off&#8220; button_one_text_color__hover_enabled=&#8220;off&#8220; button_two_text_color__hover_enabled=&#8220;off&#8220; button_border_width__hover_enabled=&#8220;off&#8220; button_one_border_width__hover_enabled=&#8220;off&#8220; button_two_border_width__hover_enabled=&#8220;off&#8220; button_border_color__hover_enabled=&#8220;off&#8220; button_one_border_color__hover_enabled=&#8220;off&#8220; button_two_border_color__hover_enabled=&#8220;off&#8220; button_border_radius__hover_enabled=&#8220;off&#8220; button_one_border_radius__hover_enabled=&#8220;off&#8220; button_two_border_radius__hover_enabled=&#8220;off&#8220; button_letter_spacing__hover_enabled=&#8220;off&#8220; button_one_letter_spacing__hover_enabled=&#8220;off&#8220; button_two_letter_spacing__hover_enabled=&#8220;off&#8220; button_bg_color__hover_enabled=&#8220;off&#8220; button_one_bg_color__hover_enabled=&#8220;off&#8220; button_two_bg_color__hover_enabled=&#8220;off&#8220;][\/et_pb_button][\/et_pb_column][et_pb_column type=&#8220;1_3&#8243; _builder_version=&#8220;3.22.4&#8243;][\/et_pb_column][et_pb_column type=&#8220;1_3&#8243; _builder_version=&#8220;3.22.4&#8243;][et_pb_text _builder_version=&#8220;3.22.4&#8243; text_font=&#8220;||||||||&#8220; text_text_color=&#8220;#ffffff&#8220; text_font_size=&#8220;17px&#8220; text_line_height=&#8220;1.5em&#8220; header_font=&#8220;||||||||&#8220; header_3_font=&#8220;Cormorant Garamond|700|||||||&#8220; header_3_text_color=&#8220;#ffffff&#8220; header_3_font_size=&#8220;38px&#8220; header_3_line_height=&#8220;1.3em&#8220; text_orientation=&#8220;center&#8220;]<\/p>\n<h3><span>Anfragen und Informationen <\/span><\/h3>\n<p><span>Haben Sie eine Frage an uns oder ben\u00f6tigen Sie weitere Informationen \u00fcber das Heim und unsere Dienstleistungen?<br \/> J<\/span><span>eSenden Sie uns einfach eine Anfrage. \u00a0<\/span><\/p>\n<p>[\/et_pb_text][et_pb_button button_text=&#8220;SENDEN SIE EINE ANFRAGE&#8220; button_alignment=&#8220;center&#8220; _builder_version=&#8220;3.22.4&#8243; custom_button=&#8220;on&#8220; button_text_size=&#8220;15px&#8220; button_text_color=&#8220;#ffffff&#8220; button_bg_color_gradient_start=&#8220;#78aa4a&#8220; button_bg_color_gradient_end=&#8220;#8ed34a&#8220; button_bg_color_gradient_direction=&#8220;90deg&#8220; button_border_width=&#8220;1px&#8220; button_border_color=&#8220;#ffffff&#8220; button_border_radius=&#8220;55px&#8220; button_letter_spacing=&#8220;0px&#8220; button_font=&#8220;|600||on|||||&#8220; button_icon=&#8220;%%3%%&#8220; button_icon_color=&#8220;#ffffff&#8220; button_on_hover=&#8220;off&#8220; background_layout=&#8220;dark&#8220; custom_margin=&#8220;25px||12px|&#8220; custom_padding=&#8220;12px|72px|12px|55px&#8220; animation_style=&#8220;zoom&#8220; animation_direction=&#8220;left&#8220; animation_delay=&#8220;200ms&#8220; animation_intensity_zoom=&#8220;10%&#8220; button_text_size__hover_enabled=&#8220;off&#8220; button_one_text_size__hover_enabled=&#8220;off&#8220; button_two_text_size__hover_enabled=&#8220;off&#8220; button_text_color__hover_enabled=&#8220;off&#8220; button_one_text_color__hover_enabled=&#8220;off&#8220; button_two_text_color__hover_enabled=&#8220;off&#8220; button_border_width__hover_enabled=&#8220;off&#8220; button_one_border_width__hover_enabled=&#8220;off&#8220; button_two_border_width__hover_enabled=&#8220;off&#8220; button_border_color__hover_enabled=&#8220;off&#8220; button_one_border_color__hover_enabled=&#8220;off&#8220; button_two_border_color__hover_enabled=&#8220;off&#8220; button_border_radius__hover_enabled=&#8220;off&#8220; button_one_border_radius__hover_enabled=&#8220;off&#8220; button_two_border_radius__hover_enabled=&#8220;off&#8220; button_letter_spacing__hover_enabled=&#8220;off&#8220; button_one_letter_spacing__hover_enabled=&#8220;off&#8220; button_two_letter_spacing__hover_enabled=&#8220;off&#8220; button_bg_color__hover_enabled=&#8220;off&#8220; button_one_bg_color__hover_enabled=&#8220;off&#8220; button_two_bg_color__hover_enabled=&#8220;off&#8220;][\/et_pb_button][\/et_pb_column][\/et_pb_row][\/et_pb_section]<\/p>\n","protected":false},"excerpt":{"rendered":"<p>T: +385 51 498 850 E: info@vitanovadom.hr Marini\u0107i 21c 51216 Marini\u0107i, RijekaAnfragen und Informationen Haben Sie eine Frage an uns oder ben\u00f6tigen Sie weitere Informationen \u00fcber das Heim und unsere Dienstleistungen? JeSenden Sie uns einfach eine Anfrage. \u00a0<\/p>\n","protected":false},"author":1,"featured_media":0,"parent":1919,"menu_order":0,"comment_status":"closed","ping_status":"closed","template":"","meta":{"_et_pb_use_builder":"on","_et_pb_old_content":"","_et_gb_content_width":""},"categories":[],"tags":[],"_links":{"self":[{"href":"https:\/\/www.vitanovadom.hr\/de\/wp-json\/wp\/v2\/pages\/1931"}],"collection":[{"href":"https:\/\/www.vitanovadom.hr\/de\/wp-json\/wp\/v2\/pages"}],"about":[{"href":"https:\/\/www.vitanovadom.hr\/de\/wp-json\/wp\/v2\/types\/page"}],"author":[{"embeddable":true,"href":"https:\/\/www.vitanovadom.hr\/de\/wp-json\/wp\/v2\/users\/1"}],"replies":[{"embeddable":true,"href":"https:\/\/www.vitanovadom.hr\/de\/wp-json\/wp\/v2\/comments?post=1931"}],"version-history":[{"count":5,"href":"https:\/\/www.vitanovadom.hr\/de\/wp-json\/wp\/v2\/pages\/1931\/revisions"}],"predecessor-version":[{"id":2151,"href":"https:\/\/www.vitanovadom.hr\/de\/wp-json\/wp\/v2\/pages\/1931\/revisions\/2151"}],"up":[{"embeddable":true,"href":"https:\/\/www.vitanovadom.hr\/de\/wp-json\/wp\/v2\/pages\/1919"}],"wp:attachment":[{"href":"https:\/\/www.vitanovadom.hr\/de\/wp-json\/wp\/v2\/media?parent=1931"}],"wp:term":[{"taxonomy":"category","embeddable":true,"href":"https:\/\/www.vitanovadom.hr\/de\/wp-json\/wp\/v2\/categories?post=1931"},{"taxonomy":"post_tag","embeddable":true,"href":"https:\/\/www.vitanovadom.hr\/de\/wp-json\/wp\/v2\/tags?post=1931"}],"curies":[{"name":"wp","href":"https:\/\/api.w.org\/{rel}","templated":true}]}}