{"id":1928,"date":"2019-05-11T18:36:56","date_gmt":"2019-05-11T18:36:56","guid":{"rendered":"https:\/\/www.vitanovadom.hr\/ueber-uns\/osoblje\/"},"modified":"2019-10-31T04:17:58","modified_gmt":"2019-10-31T04:17:58","slug":"personal","status":"publish","type":"page","link":"https:\/\/www.vitanovadom.hr\/de\/ueber-uns\/personal\/","title":{"rendered":"Personal"},"content":{"rendered":"<p>[et_pb_section fb_built=&#8220;1&#8243; admin_label=&#8220;o nama&#8220; _builder_version=&#8220;3.22.4&#8243; min_height=&#8220;370px&#8220; custom_margin=&#8220;-17px||2px|||&#8220; custom_padding=&#8220;52px||27px|||&#8220; collapsed=&#8220;on&#8220;][et_pb_row _builder_version=&#8220;3.22.4&#8243;][et_pb_column type=&#8220;4_4&#8243; _builder_version=&#8220;3.22.4&#8243;][et_pb_post_title meta=&#8220;off&#8220; featured_image=&#8220;off&#8220; _builder_version=&#8220;3.22.4&#8243; title_font=&#8220;Playfair Display|700|||||||&#8220; title_text_color=&#8220;#000000&#8243; title_font_size=&#8220;67px&#8220; title_letter_spacing=&#8220;-1px&#8220; custom_margin=&#8220;-1px||-2px|||&#8220;][\/et_pb_post_title][et_pb_text _builder_version=&#8220;3.22.4&#8243; text_font=&#8220;Playfair Display||||||||&#8220; text_text_color=&#8220;#000000&#8243; text_font_size=&#8220;25px&#8220; text_line_height=&#8220;1.75em&#8220; header_font=&#8220;||||||||&#8220; custom_padding=&#8220;0px||0px|||&#8220; animation_style=&#8220;flip&#8220;]<\/p>\n<blockquote><p><span><\/p>\n<p>Das medizinische Team des Vitanova-Alten-Pflegeheims besteht aus Oberphysiotherapeuten und Oberkrankenschwestern und Krankenschwestern \/ Krankenpflegern mit langj\u00e4hriger Berufserfahrung.<\/p>\n<p>Die medizinische Versorgung steht den Heimbewohnern von 0 bis 24 Stunden zur Verf\u00fcgung, da das medizinische Personal in drei Schichten arbeitet.<br \/>\n<\/span><\/p><\/blockquote>\n<p>[\/et_pb_text][et_pb_text _builder_version=&#8220;3.22.4&#8243;]Neben dem medizinischen Fachpersonal gibt es professionell ausgebildete K\u00f6che, Animateure und auch Hilfspersonal, die sich um jeden Heimbewohner und das Interior des Heims k\u00fcmmern. Eine offene und angenehme Herangehensweise ausschlie\u00dflich gegen\u00fcber den Heimbewohnern und deren Familien, ist die Eigenschaft aller Mitarbeiter von \u201eVitanova\u201c. Nur der Heimbewohner und seine Bed\u00fcrfnisse sind wichtig, denn ein zufriedener Bewohner ist der einzige Ma\u00dfstab f\u00fcr den Erfolg und die Zufriedenheit aller Mitarbeiter im Vitanova Heim.<\/p>\n<p>Von der Rezeption, wo alle erforderlichen Informationen \u00fcber die Vorstandsmitglieder und das medizinische Fachpersonal sowie das technische Personal und Hilfspersonal eingeholt werden k\u00f6nnen, richtet sich die Aufmerksamkeit ausschlie\u00dflich auf die die Heimbewohner. Professionalit\u00e4t und Menschlichkeit, die best m\u00f6gliche Betreuung jedes Heimbewohners sind Garantie f\u00fcr eine angenehme und ruhige Umgebung sowie f\u00fcr eine ausgezeichnete und entspannte Atmosph\u00e4re aller in dem &#8222;Vitanova&#8220; Heim.[\/et_pb_text][\/et_pb_column][\/et_pb_row][et_pb_row _builder_version=&#8220;3.22.4&#8243;][et_pb_column type=&#8220;4_4&#8243; _builder_version=&#8220;3.22.4&#8243;][et_pb_blurb title=&#8220;Sanja Piljagi\u0107&#8220; use_icon=&#8220;on&#8220; font_icon=&#8220;%%141%%&#8220; icon_placement=&#8220;left&#8220; content_max_width=&#8220;90%&#8220; _builder_version=&#8220;3.22.4&#8243; header_font=&#8220;|700|||||||&#8220; header_font_size=&#8220;31px&#8220; custom_margin=&#8220;||5%&#8220;]<\/p>\n<p><em>Oberkrankenschwester des Heims<\/em><\/p>\n<p><span>Mit seiner langj\u00e4hrigen Erfahrung im Gebiet der medizinischen Versorgung k\u00fcmmert sich unsere Oberkrankenschwester jeden Tag um das gesamte \u00c4rzteteam und organisiert die Arbeit, um sicherzustellen, dass die Heimbewohner die beste medizinische Versorgung erhalten.<\/span><\/p>\n<p><span>Sie ist ein ausgezeichnete Mitarbeiterin und Kollegin, die sich durch ihre Qualit\u00e4t einer zuverl\u00e4ssigen Person auszeichnet, die wenn mit einer Herausforderung oder einer stressigen Situation konfrontiert ist, einen k\u00fchlen Kopf beh\u00e4lt und jedes Problem mit gro\u00dfer Professionalit\u00e4t l\u00f6st.<\/span><\/p>\n<p><span>Eine Person, die warme Worte und ein gro\u00dfes Herz f\u00fcr jeden Heimbewohner und ihre Familien hat.<\/span><\/p>\n<p>[\/et_pb_blurb][et_pb_blurb title=&#8220;Marina Kalc&#8220; use_icon=&#8220;on&#8220; font_icon=&#8220;%%141%%&#8220; icon_placement=&#8220;left&#8220; content_max_width=&#8220;90%&#8220; _builder_version=&#8220;3.22.4&#8243; header_font=&#8220;|700|||||||&#8220; header_font_size=&#8220;31px&#8220; custom_margin=&#8220;||5%&#8220;]<\/p>\n<p><em>bacc.physioth -Oberphysiotherapeutin <\/em><\/p>\n<p>Sie ist eine fleissige und zuverl\u00e4ssige Mitarbeiterin des Heims seit drei Jahren.<\/p>\n<p>Mit ihrer hochwertigen Arbeit und Einsatzfreude konnte sie viele Heimbewohner auf die Beine bringen. Sie ist ein Teamarbeiterin und erf\u00fcllt mit ihrem Team von Physiotherapeuten und in Zusammenarbeit mit anderen Kollegen die t\u00e4glich gesetzten Ziele.<\/p>\n<p>Sie verleiht den Heimbewohnern ein Gef\u00fchl der Geborgenheit und des Vertrauens, dass alles getan werden kann, und gibt ihnen mit ihrem fr\u00f6hlichen und angenehmen Charakter den Anreiz zur Lebensfreude.<\/p>\n<p>[\/et_pb_blurb][et_pb_blurb title=&#8220;Luiza Bekan Budimir&#8220; use_icon=&#8220;on&#8220; font_icon=&#8220;%%141%%&#8220; icon_placement=&#8220;left&#8220; content_max_width=&#8220;90%&#8220; _builder_version=&#8220;3.22.4&#8243; header_font=&#8220;|700|||||||&#8220; header_font_size=&#8220;31px&#8220; custom_margin=&#8220;||5%&#8220;]<\/p>\n<p><em>Ergotherapeutin<\/em><\/p>\n<p><span>Luiza ist mit uns seit 12 Jahren, seit dem Augenblick als das Heim mit der Arbeit begann.<\/span><\/p>\n<p><span>Immer freundlich, lieb, voller Geduld, ist jeden Tag mit den Heimbewohnern, mit denen sie ihre Morgenstunden in der Ergotherapie verbringt.<\/span><\/p>\n<p><span>T\u00e4gliches Ritual besteht aus viel Kreativit\u00e4t, die sie mit allen teilt, weil die Teamarbeit die Lebensqualit\u00e4t im Heim erh\u00f6ht.<\/span><\/p>\n<p><span>Er bringt uns Ch\u00f6re, Kinderg\u00e4rten, organisiert verschiedene Veranstaltungen, heilige Messen und viele andere Aktivit\u00e4ten, die unsere Tage im Altenheim sch\u00f6ner machen.<\/span><\/p>\n<p><span>Sie ist verantwortlich f\u00fcr die Beobachtung und aktive Teilnahme am t\u00e4glichen Leben der Heimbewohner, insbesondere ist ihre Anwesenheit wichtig f\u00fcr die Anpassung des Arbeits- und Lebensraums neuer und st\u00e4ndiger Bewohner<\/span><\/p>\n<p><span>Mit ihr ist das Leben im Heim fr\u00f6hlicher, bunter, voller Liedger\u00e4usche und guter Stimmung.<\/span><\/p>\n<p>[\/et_pb_blurb][et_pb_blurb title=&#8220;Zoran Stojnovi\u0107&#8220; use_icon=&#8220;on&#8220; font_icon=&#8220;%%141%%&#8220; icon_placement=&#8220;left&#8220; content_max_width=&#8220;90%&#8220; _builder_version=&#8220;3.22.4&#8243; header_font=&#8220;|700|||||||&#8220; header_font_size=&#8220;31px&#8220; custom_margin=&#8220;||5%&#8220;]<\/p>\n<p><em>Chefkoch<\/em><\/p>\n<p class=\"Textbody\"><span class=\"StrongEmphasis\"><span lang=\"HR\">Selbstverst\u00e4ndlich wird auch den Bewohnern eine gezielte Ern\u00e4hrung geboten, die auf das Alter und die gesundheitlichen Bed\u00fcrfnisse jedes einzelnen Bewohners zugeschnitten ist.<\/span><\/span><span lang=\"HR\"><o:p><\/o:p><\/span><\/p>\n<p class=\"Textbody\"><span lang=\"HR\">Daf\u00fcr sorgen Zoran und sein Team in der K\u00fcche, bestehend aus: Kollege und Koch Goran Bor\u0161i\u0107 und dem Team der Kellner. <o:p><\/o:p><\/span><\/p>\n<p class=\"Textbody\"><span lang=\"HR\">Mit seinen gro\u00dfartigen kulinarischen F\u00e4higkeiten setzte Zoran hohe Kriterien der Ern\u00e4hrung, die t\u00e4glich serviert werden.<o:p><\/o:p><\/span><\/p>\n<p class=\"Textbody\"><span lang=\"HR\">Die Bewohner sind mit dem gesamten Koch-Team mehr als zufrieden und kehren mit einigen Gerichten in ihre Jugend zur\u00fcck.<o:p><\/o:p><\/span><\/p>\n<p class=\"Textbody\"><span lang=\"HR\">Um den W\u00fcnschen der Bewohner gerecht zu werden, gibt Zoran mit seinem Team ihr Bestes. <o:p><\/o:p><\/span><\/p>\n<p>[\/et_pb_blurb][et_pb_blurb title=&#8220;Medizinische Leistungen&#8220; use_icon=&#8220;on&#8220; font_icon=&#8220;%%141%%&#8220; icon_placement=&#8220;left&#8220; content_max_width=&#8220;90%&#8220; _builder_version=&#8220;3.22.4&#8243; header_font=&#8220;|700|||||||&#8220; header_font_size=&#8220;31px&#8220; custom_margin=&#8220;||5%&#8220;]<\/p>\n<p>UIm Rahmen der medizinischen Leistungen betreut Dr. Ivana Vlasteli\u0107, Familien\u00e4rztin, die Heimbewohner, die einen Vertrag mit der Kroatischen Krankenversicherungsanstalt geschlossen hat.<\/p>\n<p>Dar\u00fcber hinaus arbeitet das Vitanova- Alten-Pflegeheim mit mehreren Fach\u00e4rzten in verschiedenen Fachgebieten zusammen.<\/p>\n<p>Auf diese Weise wird allen Bewohnern eine erstklassige professionelle Gesundheitsversorgung garantiert.<\/p>\n<p>[\/et_pb_blurb][et_pb_blurb title=&#8220;Pflege der Bewohner &#8220; use_icon=&#8220;on&#8220; font_icon=&#8220;%%141%%&#8220; icon_placement=&#8220;left&#8220; content_max_width=&#8220;90%&#8220; _builder_version=&#8220;3.22.4&#8243; header_font=&#8220;|700|||||||&#8220; header_font_size=&#8220;31px&#8220; custom_margin=&#8220;||5%&#8220; custom_padding=&#8220;0px|||||&#8220;]<\/p>\n<p>Die Heimbewohner werden auch von Pflegerinnen betreut, die einen entsprechenden Kurs absolviert haben, der vom Ministerium f\u00fcr Gesundheit und F\u00fcrsorge anerkannt wird.<\/p>\n<p>Der Kurs ist eine Grundvoraussetzung f\u00fcr die Bereitstellung der Pflegeleistungen f\u00fcr unbewegliche Bewohner.<\/p>\n<p>[\/et_pb_blurb][\/et_pb_column][\/et_pb_row][\/et_pb_section]<\/p>\n","protected":false},"excerpt":{"rendered":"<p>Das medizinische Team des Vitanova-Alten-Pflegeheims besteht aus Oberphysiotherapeuten und Oberkrankenschwestern und Krankenschwestern \/ Krankenpflegern mit langj\u00e4hriger Berufserfahrung. Die medizinische Versorgung steht den Heimbewohnern von 0 bis 24 Stunden zur Verf\u00fcgung, da das medizinische Personal in drei Schichten arbeitet. Neben dem medizinischen Fachpersonal gibt es professionell ausgebildete K\u00f6che, Animateure und auch Hilfspersonal, die sich um jeden [&hellip;]<\/p>\n","protected":false},"author":1,"featured_media":0,"parent":1919,"menu_order":0,"comment_status":"closed","ping_status":"closed","template":"","meta":{"_et_pb_use_builder":"on","_et_pb_old_content":"","_et_gb_content_width":""},"categories":[],"tags":[],"_links":{"self":[{"href":"https:\/\/www.vitanovadom.hr\/de\/wp-json\/wp\/v2\/pages\/1928"}],"collection":[{"href":"https:\/\/www.vitanovadom.hr\/de\/wp-json\/wp\/v2\/pages"}],"about":[{"href":"https:\/\/www.vitanovadom.hr\/de\/wp-json\/wp\/v2\/types\/page"}],"author":[{"embeddable":true,"href":"https:\/\/www.vitanovadom.hr\/de\/wp-json\/wp\/v2\/users\/1"}],"replies":[{"embeddable":true,"href":"https:\/\/www.vitanovadom.hr\/de\/wp-json\/wp\/v2\/comments?post=1928"}],"version-history":[{"count":5,"href":"https:\/\/www.vitanovadom.hr\/de\/wp-json\/wp\/v2\/pages\/1928\/revisions"}],"predecessor-version":[{"id":2149,"href":"https:\/\/www.vitanovadom.hr\/de\/wp-json\/wp\/v2\/pages\/1928\/revisions\/2149"}],"up":[{"embeddable":true,"href":"https:\/\/www.vitanovadom.hr\/de\/wp-json\/wp\/v2\/pages\/1919"}],"wp:attachment":[{"href":"https:\/\/www.vitanovadom.hr\/de\/wp-json\/wp\/v2\/media?parent=1928"}],"wp:term":[{"taxonomy":"category","embeddable":true,"href":"https:\/\/www.vitanovadom.hr\/de\/wp-json\/wp\/v2\/categories?post=1928"},{"taxonomy":"post_tag","embeddable":true,"href":"https:\/\/www.vitanovadom.hr\/de\/wp-json\/wp\/v2\/tags?post=1928"}],"curies":[{"name":"wp","href":"https:\/\/api.w.org\/{rel}","templated":true}]}}