{"id":1919,"date":"2019-05-11T08:03:44","date_gmt":"2019-05-11T08:03:44","guid":{"rendered":"https:\/\/www.vitanovadom.hr\/o-nama\/"},"modified":"2020-02-04T12:12:35","modified_gmt":"2020-02-04T12:12:35","slug":"ueber-uns","status":"publish","type":"page","link":"https:\/\/www.vitanovadom.hr\/de\/ueber-uns\/","title":{"rendered":"\u00fcber uns"},"content":{"rendered":"<p>[et_pb_section fb_built=&#8220;1&#8243; custom_padding_last_edited=&#8220;off|desktop&#8220; admin_label=&#8220;banner hero 2&#8243; _builder_version=&#8220;3.22.4&#8243; use_background_color_gradient=&#8220;on&#8220; background_color_gradient_start=&#8220;rgba(0,0,0,0.75)&#8220; background_color_gradient_end=&#8220;rgba(0,0,0,0.2)&#8220; background_color_gradient_direction=&#8220;90deg&#8220; background_color_gradient_overlays_image=&#8220;on&#8220; background_image=&#8220;https:\/\/www.vitanovadom.hr\/wp-content\/uploads\/2020\/02\/\u00fcber-uns.jpg&#8220; background_position=&#8220;top_right&#8220; custom_padding=&#8220;130px||120px|||&#8220; collapsed=&#8220;on&#8220;][et_pb_row custom_padding=&#8220;68px||44px|||&#8220; custom_margin=&#8220;|||&#8220; _builder_version=&#8220;3.22.3&#8243; background_size=&#8220;initial&#8220; background_position=&#8220;top_left&#8220; background_repeat=&#8220;repeat&#8220; min_height=&#8220;152px&#8220; animation_style=&#8220;zoom&#8220; animation_intensity_zoom=&#8220;4%&#8220;][et_pb_column type=&#8220;3_5&#8243; _builder_version=&#8220;3.0.47&#8243;][et_pb_post_title meta=&#8220;off&#8220; featured_image=&#8220;off&#8220; _builder_version=&#8220;3.22.4&#8243; title_font=&#8220;Playfair Display|700|||||||&#8220; title_text_color=&#8220;#ffffff&#8220; title_font_size=&#8220;67px&#8220; title_letter_spacing=&#8220;-1px&#8220; custom_margin=&#8220;-1px||-2px|||&#8220;][\/et_pb_post_title][et_pb_text _builder_version=&#8220;3.22.4&#8243; text_font=&#8220;Playfair Display||||||||&#8220; text_text_color=&#8220;#ffffff&#8220; text_font_size=&#8220;25px&#8220; text_line_height=&#8220;1.75em&#8220; header_font=&#8220;||||||||&#8220; custom_padding=&#8220;0px||0px|||&#8220; animation_style=&#8220;flip&#8220;]<\/p>\n<blockquote>\n<p><span>Das Vitanova Heim setzt die h\u00f6chsten Standards bei der Bereitstellung der Unterkunftsleistungen f\u00fcr \u00e4ltere und pflegebed\u00fcrftige Menschen.<\/span><\/p>\n<\/blockquote>\n<p>[\/et_pb_text][et_pb_button button_text=&#8220;MEHRERE INFORMATIONEN&#8220; button_alignment=&#8220;left&#8220; _builder_version=&#8220;3.22.4&#8243; custom_button=&#8220;on&#8220; button_text_size=&#8220;17px&#8220; button_bg_use_color_gradient=&#8220;on&#8220; button_bg_color_gradient_start=&#8220;#7d2b5a&#8220; button_bg_color_gradient_end=&#8220;#b24984&#8243; button_bg_color_gradient_direction=&#8220;90deg&#8220; button_border_width=&#8220;0px&#8220; button_border_radius=&#8220;55px&#8220; button_letter_spacing=&#8220;0px&#8220; button_font=&#8220;|600||on|||||&#8220; button_icon=&#8220;%%3%%&#8220; button_on_hover=&#8220;off&#8220; background_layout=&#8220;dark&#8220; custom_margin=&#8220;|||&#8220; custom_padding=&#8220;12px|72px|12px|55px&#8220; animation_style=&#8220;zoom&#8220; animation_direction=&#8220;left&#8220; animation_delay=&#8220;200ms&#8220; animation_intensity_zoom=&#8220;10%&#8220; button_text_size__hover_enabled=&#8220;off&#8220; button_one_text_size__hover_enabled=&#8220;off&#8220; button_two_text_size__hover_enabled=&#8220;off&#8220; button_text_color__hover_enabled=&#8220;off&#8220; button_one_text_color__hover_enabled=&#8220;off&#8220; button_two_text_color__hover_enabled=&#8220;off&#8220; button_border_width__hover_enabled=&#8220;off&#8220; button_one_border_width__hover_enabled=&#8220;off&#8220; button_two_border_width__hover_enabled=&#8220;off&#8220; button_border_color__hover_enabled=&#8220;off&#8220; button_one_border_color__hover_enabled=&#8220;off&#8220; button_two_border_color__hover_enabled=&#8220;off&#8220; button_border_radius__hover_enabled=&#8220;off&#8220; button_one_border_radius__hover_enabled=&#8220;off&#8220; button_two_border_radius__hover_enabled=&#8220;off&#8220; button_letter_spacing__hover_enabled=&#8220;off&#8220; button_one_letter_spacing__hover_enabled=&#8220;off&#8220; button_two_letter_spacing__hover_enabled=&#8220;off&#8220; button_bg_color__hover_enabled=&#8220;off&#8220; button_one_bg_color__hover_enabled=&#8220;off&#8220; button_two_bg_color__hover_enabled=&#8220;off&#8220;][\/et_pb_button][\/et_pb_column][et_pb_column type=&#8220;2_5&#8243; _builder_version=&#8220;3.0.47&#8243;][\/et_pb_column][\/et_pb_row][\/et_pb_section][et_pb_section fb_built=&#8220;1&#8243; admin_label=&#8220;o nama&#8220; _builder_version=&#8220;3.22.4&#8243; min_height=&#8220;370px&#8220; custom_margin=&#8220;-17px||2px|||&#8220; custom_padding=&#8220;52px||27px|||&#8220; collapsed=&#8220;on&#8220;][et_pb_row custom_padding=&#8220;21px|0px|2px|0px||&#8220; custom_margin=&#8220;-1px|auto|-2px|auto||&#8220; use_background_color_gradient_1=&#8220;off&#8220; use_background_color_gradient_2=&#8220;on&#8220; background_color_gradient_start_1=&#8220;#ff6a88&#8243; background_color_gradient_start_2=&#8220;rgba(157,66,118,0)&#8220; background_color_gradient_end_1=&#8220;#ff99ac&#8220; background_color_gradient_end_2=&#8220;rgba(157,66,118,0.24)&#8220; background_color_gradient_direction_1=&#8220;35deg&#8220; background_color_gradient_end_position_1=&#8220;100%&#8220; padding_right_1=&#8220;60px&#8220; padding_bottom_1=&#8220;60px&#8220; padding_1_tablet=&#8220;|0px||&#8220; padding_1_last_edited=&#8220;on|desktop&#8220; module_class_2=&#8220;custom_bg_image&#8220; _builder_version=&#8220;3.22.4&#8243; module_alignment=&#8220;center&#8220; min_height=&#8220;478px&#8220; custom_margin_tablet=&#8220;0px|||&#8220; custom_margin_phone=&#8220;0px|||&#8220; custom_margin_last_edited=&#8220;off|desktop&#8220;][et_pb_column type=&#8220;3_5&#8243; _builder_version=&#8220;3.0.47&#8243;][et_pb_text _builder_version=&#8220;3.22.4&#8243; text_font=&#8220;|||on|||||&#8220; text_line_height=&#8220;1.9em&#8220; header_font=&#8220;Poppins||||||||&#8220; text_orientation=&#8220;center&#8220; custom_margin=&#8220;60px||10px|||&#8220; animation_style=&#8220;slide&#8220; animation_direction=&#8220;right&#8220; animation_intensity_slide=&#8220;5%&#8220; animation_starting_opacity=&#8220;100%&#8220;]<\/p>\n<p style=\"text-align: left;\">STANDARD DER QUALIT\u00c4T DER UNTERKUNFT UND PFLEGE<\/p>\n<p>[\/et_pb_text][et_pb_text admin_label=&#8220;Naslov o nama&#8220; _builder_version=&#8220;3.22.4&#8243; text_font=&#8220;||||||||&#8220; header_font=&#8220;|700|||||||&#8220; header_letter_spacing=&#8220;-1px&#8220; header_2_font=&#8220;|700|||||||&#8220; header_2_text_color=&#8220;#1e1e1e&#8220; header_2_font_size=&#8220;36px&#8220; header_2_letter_spacing=&#8220;-1px&#8220; header_3_font=&#8220;||||||||&#8220; text_orientation=&#8220;center&#8220; custom_margin=&#8220;||15px|&#8220; animation_style=&#8220;fade&#8220;]<\/p>\n<h2 style=\"text-align: left;\">Vitanova, Alten-Pflegeheim, Rijeka<\/h2>\n<p>[\/et_pb_text][et_pb_text _builder_version=&#8220;3.22.4&#8243; text_font=&#8220;||||||||&#8220; text_line_height=&#8220;1.9em&#8220; header_font=&#8220;Poppins||||||||&#8220; text_orientation=&#8220;center&#8220; custom_margin=&#8220;2px|||||&#8220; animation_style=&#8220;slide&#8220; animation_direction=&#8220;right&#8220; animation_intensity_slide=&#8220;5%&#8220; animation_starting_opacity=&#8220;100%&#8220;]<\/p>\n<p style=\"text-align: left;\"><span>Das Vitanova Heim setzt die h\u00f6chsten Standards bei der Bereitstellung der Unterkunftsleistungen f\u00fcr \u00e4ltere und pflegebed\u00fcrftige Menschen. <\/span><\/p>\n<p style=\"text-align: left;\">Alten-Pflegeheim Vitanova ist eine Stelle, wo jede Person im dritten Lebensalter den Standard der hochwertigen Pflege, der medizinischen Versorgung geniessen kann oder einfach nur die Zeit in einem Raum verbringen kann, der von Ruhe und wundersch\u00f6nen Aussichtspunkte umgeben ist.<\/p>\n<p>[\/et_pb_text][\/et_pb_column][et_pb_column type=&#8220;2_5&#8243; _builder_version=&#8220;3.0.47&#8243;][et_pb_image src=&#8220;https:\/\/www.vitanovadom.hr\/wp-content\/uploads\/2019\/04\/O6XH9U0.jpg&#8220; align=&#8220;center&#8220; always_center_on_mobile=&#8220;off&#8220; module_class=&#8220;custom_bg_image&#8220; _builder_version=&#8220;3.22.4&#8243; border_color_all=&#8220;#&#8220; box_shadow_style=&#8220;preset3&#8243; box_shadow_horizontal=&#8220;13px&#8220; box_shadow_vertical=&#8220;42px&#8220; box_shadow_blur=&#8220;45px&#8220; box_shadow_spread=&#8220;-3px&#8220; box_shadow_color=&#8220;rgba(0,0,0,0.1)&#8220; width=&#8220;111%&#8220; custom_margin=&#8220;-54px|40px|51px|-78px||&#8220; custom_padding=&#8220;30px|1px||2px||&#8220; animation_direction=&#8220;right&#8220; hover_transition_duration=&#8220;500ms&#8220; hover_transition_delay=&#8220;50ms&#8220;][\/et_pb_image][\/et_pb_column][\/et_pb_row][\/et_pb_section][et_pb_section fb_built=&#8220;1&#8243; admin_label=&#8220;PONUDA&#8220; _builder_version=&#8220;3.22.4&#8243; background_size=&#8220;initial&#8220; min_height=&#8220;856px&#8220; custom_padding=&#8220;5px||5px|&#8220; collapsed=&#8220;on&#8220;][et_pb_row custom_padding=&#8220;19px|0px|0px|||&#8220; custom_margin=&#8220;22px|auto||auto||&#8220; _builder_version=&#8220;3.22.4&#8243; min_height=&#8220;402px&#8220; collapsed=&#8220;on&#8220;][et_pb_column type=&#8220;2_5&#8243; _builder_version=&#8220;3.0.47&#8243;][et_pb_text admin_label=&#8220;Title&#8220; _builder_version=&#8220;3.22.4&#8243; text_font=&#8220;Playfair Display|600|||||||&#8220; text_font_size=&#8220;18px&#8220; text_line_height=&#8220;2em&#8220; header_font=&#8220;Playfair Display|700|||||||&#8220; header_text_align=&#8220;left&#8220; header_2_font=&#8220;|600|||||||&#8220; header_2_text_color=&#8220;#1e1e1e&#8220; header_2_font_size=&#8220;44px&#8220; header_2_letter_spacing=&#8220;-1px&#8220; header_2_line_height=&#8220;1.8em&#8220; text_orientation=&#8220;center&#8220; custom_margin=&#8220;||15px|&#8220; custom_padding=&#8220;||4px|||&#8220; animation_style=&#8220;fade&#8220;]<\/p>\n<h2 style=\"text-align: left;\">\u00dcber uns<\/h2>\n<p style=\"text-align: left;\"><strong>Genie\u00dfen Sie den Standard der hochwertigen Pflege, der medizinischen Versorgung oder verbringen Sie einfach die Zeit in einem Raum, der von Ruhe und sch\u00f6nen Aussichtspunkten umgeben ist.<\/strong><\/p>\n<p>[\/et_pb_text][\/et_pb_column][et_pb_column type=&#8220;3_5&#8243; _builder_version=&#8220;3.0.47&#8243;][et_pb_text admin_label=&#8220;Title&#8220; _builder_version=&#8220;3.22.4&#8243; text_font=&#8220;||||||||&#8220; header_font=&#8220;|600|||||||&#8220; header_2_font=&#8220;|600|||||||&#8220; header_2_text_color=&#8220;#1e1e1e&#8220; header_2_font_size=&#8220;44px&#8220; header_2_letter_spacing=&#8220;-1px&#8220; header_2_line_height=&#8220;1.8em&#8220; custom_margin=&#8220;||15px|&#8220; custom_padding=&#8220;0px|||0px||&#8220; animation_style=&#8220;fade&#8220;]<\/p>\n<p>Das Vitanova Heim setzt die h\u00f6chsten Standards bei der Bereitstellung der Unterkunftsleistungen f\u00fcr \u00e4ltere und pflegebed\u00fcrftige Menschen. Das Altenheim befindet sich im Zentrum von Marini\u0107i, nicht weit von Rijeka. Das Heim bietet einen wundersch\u00f6nen Blick auf die Kvarner Bucht. Alten-Pflegeheim Vitanova ist eine Stelle, wo jede Person im dritten Lebensalter den Standard der hochwertigen Pflege, der medizinischen Versorgung geniessen kann oder einfach nur die Zeit in einem Raum verbringen kann, der von Ruhe und wundersch\u00f6nen Aussichtspunkte umgeben ist.<\/p>\n<p>Der Komplex des Vitanova-Heims besteht aus drei modern ausgestatteten Geb\u00e4uden, die durch warme Korridore miteinander verbunden sind und eine gr\u00f6\u00dfere Funktionalit\u00e4t aller Innenr\u00e4ume des Heims erm\u00f6glichen. Die Einrichtung wurde ausschlie\u00dflich f\u00fcr den Zweck und mit der Vision eines Alters-Pflegeheims errichtet. Dementsprechend gibt es auf einer Fl\u00e4che von 3800 Quadratmetern keine einzige Ecke des Geb\u00e4udes, die f\u00fcr Rollstuhlfahrer oder die Personen mit anderen orthop\u00e4dischen Hilfsmitteln nicht zug\u00e4nglich ist.<\/p>\n<p>Im Garten des Heims gibt es 2 800 Quadratmeter wundersch\u00f6nen Park mit Lavendel, Oliven und exotischer Magnolie, der mit seiner Lage die Mitte des Gartens schm\u00fcckt, einschliesslich anderer mediterraner Pflanzen. Das Heim wurde im Jahr 2003 beim Handelsgericht eingetragen und im August 2007 nach Ende der Bauleistungen und Einholung aller erforderlichen Genehmigungen f\u00fcr die Aus\u00fcbung der T\u00e4tigkeit f\u00fcr die Heimbewohner ge\u00f6ffnet.<\/p>\n<p>[\/et_pb_text][\/et_pb_column][\/et_pb_row][et_pb_row custom_padding=&#8220;34px|0px|17px|||&#8220; custom_margin=&#8220;40px|auto||auto||&#8220; _builder_version=&#8220;3.22.4&#8243; collapsed=&#8220;on&#8220;][et_pb_column type=&#8220;2_5&#8243; _builder_version=&#8220;3.0.47&#8243;][et_pb_text admin_label=&#8220;Title&#8220; _builder_version=&#8220;3.22.4&#8243; text_font=&#8220;Playfair Display|600|||||||&#8220; text_font_size=&#8220;18px&#8220; text_line_height=&#8220;2em&#8220; header_font=&#8220;|600|||||||&#8220; header_2_font=&#8220;|600|||||||&#8220; header_2_text_color=&#8220;#1e1e1e&#8220; header_2_font_size=&#8220;44px&#8220; header_2_letter_spacing=&#8220;-1px&#8220; header_2_line_height=&#8220;1.8em&#8220; text_orientation=&#8220;center&#8220; custom_margin=&#8220;||15px|&#8220; custom_padding=&#8220;||4px|||&#8220; animation_style=&#8220;fade&#8220;]<\/p>\n<h2 style=\"text-align: left;\">Unsere Vision und Mission<\/h2>\n<p style=\"text-align: left;\"><strong>Wir schaffen ein Zuhause, das hohe Qualit\u00e4t und professionellen Leistung mit einer heimischen Atmosph\u00e4re verkn\u00fcpft.<\/strong><\/p>\n<p>[\/et_pb_text][\/et_pb_column][et_pb_column type=&#8220;3_5&#8243; _builder_version=&#8220;3.0.47&#8243;][et_pb_text admin_label=&#8220;Title&#8220; _builder_version=&#8220;3.22.4&#8243; text_font=&#8220;||||||||&#8220; header_font=&#8220;|600|||||||&#8220; header_2_font=&#8220;|600|||||||&#8220; header_2_text_color=&#8220;#1e1e1e&#8220; header_2_font_size=&#8220;44px&#8220; header_2_letter_spacing=&#8220;-1px&#8220; header_2_line_height=&#8220;1.8em&#8220; background_color=&#8220;#f1efea&#8220; custom_margin=&#8220;||15px|&#8220; custom_padding=&#8220;40px|35px|40px|35px||&#8220; animation_style=&#8220;fade&#8220;]Die Grundvision f\u00fcr die Schaffung eines Heims f\u00fcr \u00e4ltere und pflegebed\u00fcrftige Menschen in Vitanova bestand darin, ein Heim zu schaffen, das hochwertige und professionelle Leistung mit einer komfortablen und heimischen Atmosph\u00e4re verkn\u00fcpft, um f\u00fcr die Heimbewohner das Gef\u00fchl einer sicheren und angenehmen Umgebung zu schaffen. Eine solche Vision ist eine Antwort auf die gesellschaftlichen Bed\u00fcrfnisse und Normen, die jede Person im dritten Lebensjahr verdient.<\/p>\n<p>Die Hauptaufgabe des Alters-Pflegeheims Vitanova besteht darin, hochwertige Dienstleistungen zu erbringen, welche innerhalb und au\u00dferhalb der Grenzen der Republik Kroatien erkannt wird. Das Heim bietet seinen Heimbewohnern auch Ergotherapie- und Physiotherapiedienstleistungen sowie eine Reihe anderer allt\u00e4glicher gemeinschaftlicher Aktivit\u00e4ten. Aufgrund hoher Standards und auch der W\u00fcnsche und Bed\u00fcrfnisse der Heimbewohner ist Vitanova eine Einrichtung, die ihre Missionen mit der Ankunft jedes neuen Heimbewohners ins Heim weiter erf\u00fcllt.[\/et_pb_text][\/et_pb_column][\/et_pb_row][\/et_pb_section][et_pb_section fb_built=&#8220;1&#8243; admin_label=&#8220;Blog&#8220; _builder_version=&#8220;3.22.3&#8243; custom_padding=&#8220;0px|||||&#8220; global_module=&#8220;2143&#8243; collapsed=&#8220;on&#8220;][et_pb_row custom_padding=&#8220;0px||0px|||&#8220; custom_margin=&#8220;22px|auto||auto||&#8220; _builder_version=&#8220;3.22.4&#8243; collapsed=&#8220;on&#8220;][et_pb_column type=&#8220;4_4&#8243; _builder_version=&#8220;3.0.47&#8243;][et_pb_text admin_label=&#8220;Title&#8220; _builder_version=&#8220;3.22.4&#8243; text_font=&#8220;||||||||&#8220; header_font=&#8220;|600|||||||&#8220; header_2_font=&#8220;|600|||||||&#8220; header_2_text_color=&#8220;#1e1e1e&#8220; header_2_font_size=&#8220;44px&#8220; header_2_letter_spacing=&#8220;-1px&#8220; header_2_line_height=&#8220;1.8em&#8220; text_orientation=&#8220;center&#8220; min_height=&#8220;78px&#8220; custom_margin=&#8220;||15px|&#8220; custom_padding=&#8220;||0px|||&#8220; animation_style=&#8220;fade&#8220;]<\/p>\n<h2 style=\"text-align: left;\">Ank\u00fcndigungen und Neuigkeiten<\/h2>\n<p>[\/et_pb_text][\/et_pb_column][\/et_pb_row][et_pb_row custom_padding=&#8220;9px|||||&#8220; _builder_version=&#8220;3.22.3&#8243; min_height=&#8220;369px&#8220;][et_pb_column type=&#8220;4_4&#8243; _builder_version=&#8220;3.0.47&#8243;][et_pb_blog fullwidth=&#8220;off&#8220; posts_number=&#8220;3&#8243; include_categories=&#8220;all&#8220; meta_date=&#8220;j. m. Y&#8220; show_author=&#8220;off&#8220; show_pagination=&#8220;off&#8220; _builder_version=&#8220;3.22.4&#8243; header_font=&#8220;|700|||||||&#8220; header_font_size=&#8220;23px&#8220; header_line_height=&#8220;1.5em&#8220; body_font=&#8220;||||||||&#8220; body_line_height=&#8220;1.9em&#8220; meta_font=&#8220;|||on|||||&#8220; meta_font_size=&#8220;11px&#8220; meta_line_height=&#8220;2.2em&#8220; border_width_all=&#8220;0px&#8220; box_shadow_style=&#8220;preset3&#8243; box_shadow_vertical=&#8220;45px&#8220; box_shadow_blur=&#8220;71px&#8220; box_shadow_color=&#8220;rgba(18,47,100,0.06)&#8220; child_filter_brightness=&#8220;80%&#8220; child_filter_contrast=&#8220;115%&#8220; child_filter_invert=&#8220;8%&#8220; child_mix_blend_mode=&#8220;darken&#8220;][\/et_pb_blog][\/et_pb_column][\/et_pb_row][\/et_pb_section]<\/p>\n","protected":false},"excerpt":{"rendered":"<p>Das Vitanova Heim setzt die h\u00f6chsten Standards bei der Bereitstellung der Unterkunftsleistungen f\u00fcr \u00e4ltere und pflegebed\u00fcrftige Menschen. STANDARD DER QUALIT\u00c4T DER UNTERKUNFT UND PFLEGEVitanova, Alten-Pflegeheim, RijekaDas Vitanova Heim setzt die h\u00f6chsten Standards bei der Bereitstellung der Unterkunftsleistungen f\u00fcr \u00e4ltere und pflegebed\u00fcrftige Menschen. Alten-Pflegeheim Vitanova ist eine Stelle, wo jede Person im dritten Lebensalter den Standard [&hellip;]<\/p>\n","protected":false},"author":1,"featured_media":0,"parent":0,"menu_order":0,"comment_status":"closed","ping_status":"closed","template":"","meta":{"_et_pb_use_builder":"on","_et_pb_old_content":"<!-- wp:paragraph -->\r\n<p>This is an example page. It's different from a blog post because it will stay in one place and will show up in your site navigation (in most themes). Most people start with an About page that introduces them to potential site visitors. It might say something like this:<\/p>\r\n<!-- \/wp:paragraph --><!-- wp:quote -->\r\n<blockquote class=\"wp-block-quote\">\r\n<p>Hi there! I'm a bike messenger by day, aspiring actor by night, and this is my website. I live in Los Angeles, have a great dog named Jack, and I like pi\u00f1a coladas. (And gettin' caught in the rain.)<\/p>\r\n<\/blockquote>\r\n<!-- \/wp:quote --><!-- wp:paragraph -->\r\n<p>...or something like this:<\/p>\r\n<!-- \/wp:paragraph --><!-- wp:quote -->\r\n<blockquote class=\"wp-block-quote\">\r\n<p>The XYZ Doohickey Company was founded in 1971, and has been providing quality doohickeys to the public ever since. Located in Gotham City, XYZ employs over 2,000 people and does all kinds of awesome things for the Gotham community.<\/p>\r\n<\/blockquote>\r\n<!-- \/wp:quote --><!-- wp:paragraph -->\r\n<p>As a new WordPress user, you should go to <a href=\"https:\/\/www.vitanovadom.hr\/wp-admin\/\">your dashboard<\/a> to delete this page and create new pages for your content. Have fun!<\/p>\r\n<!-- \/wp:paragraph -->","_et_gb_content_width":""},"categories":[],"tags":[],"_links":{"self":[{"href":"https:\/\/www.vitanovadom.hr\/de\/wp-json\/wp\/v2\/pages\/1919"}],"collection":[{"href":"https:\/\/www.vitanovadom.hr\/de\/wp-json\/wp\/v2\/pages"}],"about":[{"href":"https:\/\/www.vitanovadom.hr\/de\/wp-json\/wp\/v2\/types\/page"}],"author":[{"embeddable":true,"href":"https:\/\/www.vitanovadom.hr\/de\/wp-json\/wp\/v2\/users\/1"}],"replies":[{"embeddable":true,"href":"https:\/\/www.vitanovadom.hr\/de\/wp-json\/wp\/v2\/comments?post=1919"}],"version-history":[{"count":8,"href":"https:\/\/www.vitanovadom.hr\/de\/wp-json\/wp\/v2\/pages\/1919\/revisions"}],"predecessor-version":[{"id":2387,"href":"https:\/\/www.vitanovadom.hr\/de\/wp-json\/wp\/v2\/pages\/1919\/revisions\/2387"}],"wp:attachment":[{"href":"https:\/\/www.vitanovadom.hr\/de\/wp-json\/wp\/v2\/media?parent=1919"}],"wp:term":[{"taxonomy":"category","embeddable":true,"href":"https:\/\/www.vitanovadom.hr\/de\/wp-json\/wp\/v2\/categories?post=1919"},{"taxonomy":"post_tag","embeddable":true,"href":"https:\/\/www.vitanovadom.hr\/de\/wp-json\/wp\/v2\/tags?post=1919"}],"curies":[{"name":"wp","href":"https:\/\/api.w.org\/{rel}","templated":true}]}}