{"id":1916,"date":"2019-05-12T07:40:33","date_gmt":"2019-05-12T07:40:33","guid":{"rendered":"https:\/\/www.vitanovadom.hr\/usluge\/"},"modified":"2020-02-04T12:11:03","modified_gmt":"2020-02-04T12:11:03","slug":"dienstleistungen","status":"publish","type":"page","link":"https:\/\/www.vitanovadom.hr\/de\/dienstleistungen\/","title":{"rendered":"Dienstleistungen"},"content":{"rendered":"<p>[et_pb_section fb_built=&#8220;1&#8243; custom_padding_last_edited=&#8220;off|desktop&#8220; admin_label=&#8220;banner hero 2&#8243; _builder_version=&#8220;3.22.4&#8243; use_background_color_gradient=&#8220;on&#8220; background_color_gradient_start=&#8220;rgba(0,0,0,0.75)&#8220; background_color_gradient_end=&#8220;rgba(0,0,0,0.2)&#8220; background_color_gradient_direction=&#8220;90deg&#8220; background_color_gradient_overlays_image=&#8220;on&#8220; background_image=&#8220;https:\/\/www.vitanovadom.hr\/wp-content\/uploads\/2020\/02\/Dienstleistungen.jpg&#8220; background_position=&#8220;top_right&#8220; custom_padding=&#8220;130px||120px|||&#8220; collapsed=&#8220;on&#8220;][et_pb_row custom_padding=&#8220;68px||44px|||&#8220; custom_margin=&#8220;|||&#8220; _builder_version=&#8220;3.22.4&#8243; background_size=&#8220;initial&#8220; background_position=&#8220;top_left&#8220; background_repeat=&#8220;repeat&#8220; min_height=&#8220;152px&#8220; animation_style=&#8220;zoom&#8220; animation_intensity_zoom=&#8220;4%&#8220;][et_pb_column type=&#8220;3_5&#8243; _builder_version=&#8220;3.0.47&#8243;][et_pb_post_title meta=&#8220;off&#8220; featured_image=&#8220;off&#8220; _builder_version=&#8220;3.22.4&#8243; title_font=&#8220;Playfair Display|700|||||||&#8220; title_text_color=&#8220;#ffffff&#8220; title_font_size=&#8220;67px&#8220; title_letter_spacing=&#8220;-1px&#8220; custom_margin=&#8220;-1px||-2px|||&#8220;][\/et_pb_post_title][et_pb_text _builder_version=&#8220;3.22.4&#8243; text_font=&#8220;Playfair Display||||||||&#8220; text_text_color=&#8220;#ffffff&#8220; text_font_size=&#8220;25px&#8220; text_line_height=&#8220;1.75em&#8220; header_font=&#8220;||||||||&#8220; custom_padding=&#8220;0px||0px|||&#8220; animation_style=&#8220;flip&#8220;]<\/p>\n<blockquote>\n<p><span>Das Vitanova Heim ist stolz auf die Erbringung professioneller Dienstleistung, die dem Fachpersonal und der Teamarbeit aller Mitarbeiter zuzuschreiben ist.<\/span><\/p>\n<\/blockquote>\n<p>[\/et_pb_text][et_pb_button button_text=&#8220;MEHRERE INFORMATIONEN&#8220; button_alignment=&#8220;left&#8220; _builder_version=&#8220;3.22.4&#8243; custom_button=&#8220;on&#8220; button_text_size=&#8220;17px&#8220; button_bg_use_color_gradient=&#8220;on&#8220; button_bg_color_gradient_start=&#8220;#7d2b5a&#8220; button_bg_color_gradient_end=&#8220;#b24984&#8243; button_bg_color_gradient_direction=&#8220;90deg&#8220; button_border_width=&#8220;0px&#8220; button_border_radius=&#8220;55px&#8220; button_letter_spacing=&#8220;0px&#8220; button_font=&#8220;|600||on|||||&#8220; button_icon=&#8220;%%3%%&#8220; button_on_hover=&#8220;off&#8220; background_layout=&#8220;dark&#8220; custom_margin=&#8220;|||&#8220; custom_padding=&#8220;12px|72px|12px|55px&#8220; animation_style=&#8220;zoom&#8220; animation_direction=&#8220;left&#8220; animation_delay=&#8220;200ms&#8220; animation_intensity_zoom=&#8220;10%&#8220; button_text_size__hover_enabled=&#8220;off&#8220; button_one_text_size__hover_enabled=&#8220;off&#8220; button_two_text_size__hover_enabled=&#8220;off&#8220; button_text_color__hover_enabled=&#8220;off&#8220; button_one_text_color__hover_enabled=&#8220;off&#8220; button_two_text_color__hover_enabled=&#8220;off&#8220; button_border_width__hover_enabled=&#8220;off&#8220; button_one_border_width__hover_enabled=&#8220;off&#8220; button_two_border_width__hover_enabled=&#8220;off&#8220; button_border_color__hover_enabled=&#8220;off&#8220; button_one_border_color__hover_enabled=&#8220;off&#8220; button_two_border_color__hover_enabled=&#8220;off&#8220; button_border_radius__hover_enabled=&#8220;off&#8220; button_one_border_radius__hover_enabled=&#8220;off&#8220; button_two_border_radius__hover_enabled=&#8220;off&#8220; button_letter_spacing__hover_enabled=&#8220;off&#8220; button_one_letter_spacing__hover_enabled=&#8220;off&#8220; button_two_letter_spacing__hover_enabled=&#8220;off&#8220; button_bg_color__hover_enabled=&#8220;off&#8220; button_one_bg_color__hover_enabled=&#8220;off&#8220; button_two_bg_color__hover_enabled=&#8220;off&#8220;][\/et_pb_button][\/et_pb_column][et_pb_column type=&#8220;2_5&#8243; _builder_version=&#8220;3.0.47&#8243;][\/et_pb_column][\/et_pb_row][\/et_pb_section][et_pb_section fb_built=&#8220;1&#8243; admin_label=&#8220;o nama&#8220; _builder_version=&#8220;3.22.4&#8243; min_height=&#8220;370px&#8220; custom_margin=&#8220;-17px||2px|||&#8220; custom_padding=&#8220;52px||27px|||&#8220; collapsed=&#8220;on&#8220;][et_pb_row custom_padding=&#8220;0px|0px|2px|0px||&#8220; custom_margin=&#8220;-1px|auto|50px|auto||&#8220; use_background_color_gradient_1=&#8220;off&#8220; use_background_color_gradient_2=&#8220;off&#8220; background_color_gradient_start_1=&#8220;#ff6a88&#8243; background_color_gradient_start_2=&#8220;rgba(157,66,118,0)&#8220; background_color_gradient_end_1=&#8220;#ff99ac&#8220; background_color_gradient_end_2=&#8220;rgba(157,66,118,0.24)&#8220; background_color_gradient_direction_1=&#8220;35deg&#8220; background_color_gradient_end_position_1=&#8220;100%&#8220; padding_right_1=&#8220;60px&#8220; padding_bottom_1=&#8220;60px&#8220; padding_1_tablet=&#8220;|0px||&#8220; padding_1_last_edited=&#8220;on|desktop&#8220; module_class_2=&#8220;custom_bg_image&#8220; _builder_version=&#8220;3.22.4&#8243; module_alignment=&#8220;center&#8220; min_height=&#8220;232px&#8220; custom_margin_tablet=&#8220;0px|||&#8220; custom_margin_phone=&#8220;0px|||&#8220; custom_margin_last_edited=&#8220;off|desktop&#8220;][et_pb_column type=&#8220;2_5&#8243; _builder_version=&#8220;3.0.47&#8243;][et_pb_text _builder_version=&#8220;3.22.4&#8243; text_font=&#8220;|600||on|||||&#8220; text_text_color=&#8220;#9d4276&#8243; text_font_size=&#8220;15px&#8220; text_line_height=&#8220;1.9em&#8220; header_font=&#8220;Poppins||||||||&#8220; text_orientation=&#8220;center&#8220; custom_margin=&#8220;60px||10px|||&#8220; animation_style=&#8220;slide&#8220; animation_direction=&#8220;right&#8220; animation_intensity_slide=&#8220;5%&#8220; animation_starting_opacity=&#8220;100%&#8220;]<\/p>\n<p style=\"text-align: left;\">STANDARD DER QUALIT\u00c4T DER UNTERKUNFT UND PFLEGE<\/p>\n<p>[\/et_pb_text][et_pb_text admin_label=&#8220;Naslov o nama&#8220; _builder_version=&#8220;3.22.4&#8243; text_font=&#8220;||||||||&#8220; header_font=&#8220;Playfair Display|900|||||||&#8220; header_letter_spacing=&#8220;-1px&#8220; header_2_font=&#8220;|700|||||||&#8220; header_2_text_color=&#8220;#1e1e1e&#8220; header_2_font_size=&#8220;36px&#8220; header_2_letter_spacing=&#8220;-1px&#8220; header_3_font=&#8220;||||||||&#8220; text_orientation=&#8220;center&#8220; custom_margin=&#8220;||15px|&#8220; animation_style=&#8220;bounce&#8220; animation_direction=&#8220;right&#8220;]<\/p>\n<h2 style=\"text-align: left;\">Dienstleistungen des Vitanova Heims<\/h2>\n<p>[\/et_pb_text][\/et_pb_column][et_pb_column type=&#8220;3_5&#8243; _builder_version=&#8220;3.0.47&#8243;][et_pb_text _builder_version=&#8220;3.22.4&#8243; text_font=&#8220;||||||||&#8220; text_line_height=&#8220;1.9em&#8220; header_font=&#8220;Poppins||||||||&#8220; text_orientation=&#8220;center&#8220; width=&#8220;100%&#8220; custom_margin=&#8220;2px|||||&#8220; animation_style=&#8220;slide&#8220; animation_direction=&#8220;right&#8220; animation_intensity_slide=&#8220;5%&#8220; animation_starting_opacity=&#8220;100%&#8220;]<\/p>\n<p style=\"text-align: left;\">Das Vitanova Heim ist stolz auf die Erbringung professioneller Dienstleistung, die dem Fachpersonal und der Teamarbeit aller Mitarbeiter zuzuschreiben ist.<\/p>\n<p style=\"text-align: left;\">\nIn unserem Heim bieten wir folgende Dienstleistungen an: Langzeitpflege, vor\u00fcbergehende Pflege, Unterkunft f\u00fcr postoperative Rehabilitation, Ergotherapie, Physiotherapie, Intensivpflege, Tagespflege, Abteilung f\u00fcr bewegliche demente (an Alzheimer erkrankte) Personen.\n<\/p>\n<p>[\/et_pb_text][\/et_pb_column][\/et_pb_row][et_pb_row custom_padding=&#8220;||2px|||&#8220; _builder_version=&#8220;3.22.4&#8243;][et_pb_column type=&#8220;4_4&#8243; _builder_version=&#8220;3.22.4&#8243;][et_pb_filterable_portfolio fullwidth=&#8220;off&#8220; show_categories=&#8220;off&#8220; show_pagination=&#8220;off&#8220; hover_icon=&#8220;%%13%%&#8220; module_class=&#8220;ds-library-grid&#8220; _builder_version=&#8220;3.22.4&#8243; title_font=&#8220;Playfair Display|700|||||||&#8220; title_font_size=&#8220;19px&#8220; title_line_height=&#8220;1.4em&#8220; filter_font=&#8220;Poppins|500||on|||||&#8220; filter_font_size=&#8220;16px&#8220; filter_line_height=&#8220;2.2em&#8220; caption_font=&#8220;||||||||&#8220; custom_css_portfolio_title=&#8220;padding: 12px 0;&#8220;][\/et_pb_filterable_portfolio][\/et_pb_column][\/et_pb_row][\/et_pb_section][et_pb_section fb_built=&#8220;1&#8243; admin_label=&#8220;o nama&#8220; _builder_version=&#8220;3.22.4&#8243; min_height=&#8220;370px&#8220; custom_margin=&#8220;-17px||2px|||&#8220; custom_padding=&#8220;34px||0px|||&#8220; collapsed=&#8220;on&#8220;][et_pb_row custom_padding=&#8220;65px||65px|||&#8220; _builder_version=&#8220;3.22.4&#8243; global_module=&#8220;2139&#8243;][et_pb_column type=&#8220;1_3&#8243; _builder_version=&#8220;3.22.4&#8243;][et_pb_blurb title=&#8220;Gro\u00dfartige Lage&#8220; use_icon=&#8220;on&#8220; font_icon=&#8220;%%122%%&#8220; icon_placement=&#8220;left&#8220; _builder_version=&#8220;3.22.4&#8243; header_font=&#8220;Cormorant Garamond|800|||||||&#8220; header_font_size=&#8220;22px&#8220;]<\/p>\n<p>Unser Heim befindet sich in der N\u00e4he von Rijeka, umgeben von Ruhe und sch\u00f6nen Aussichtspunkten.<\/p>\n<p>[\/et_pb_blurb][\/et_pb_column][et_pb_column type=&#8220;1_3&#8243; _builder_version=&#8220;3.22.4&#8243;][et_pb_blurb title=&#8220;Komplette Behandlung der Heimbewohner&#8220; use_icon=&#8220;on&#8220; font_icon=&#8220;%%141%%&#8220; icon_placement=&#8220;left&#8220; _builder_version=&#8220;3.22.4&#8243; header_font=&#8220;Cormorant Garamond|800|||||||&#8220; header_font_size=&#8220;22px&#8220;]<\/p>\n<p>Die Unterkunft ist f\u00fcr die vollst\u00e4ndige k\u00f6rperliche, psychologische und soziale Behandlung der Heimbewohner konzipiert.<\/p>\n<p>[\/et_pb_blurb][\/et_pb_column][et_pb_column type=&#8220;1_3&#8243; _builder_version=&#8220;3.22.4&#8243;][et_pb_cta title=&#8220;Brauchen Sie mehr Informationen?&#8220; button_url=&#8220;http:\/\/Vi\u0161e%20informacija&#8220; button_text=&#8220;UNTERLAGEN UND ANFRAGEN&#8220; _builder_version=&#8220;3.22.4&#8243; _dynamic_attributes=&#8220;link_option_url&#8220; header_level=&#8220;h3&#8243; header_font=&#8220;||||||||&#8220; header_font_size=&#8220;23px&#8220; header_line_height=&#8220;1.2em&#8220; custom_button=&#8220;on&#8220; button_text_size=&#8220;13px&#8220; button_border_width=&#8220;1px&#8220; button_border_radius=&#8220;25px&#8220; button_font=&#8220;|600||on|||||&#8220; button_icon=&#8220;%%45%%&#8220; button_on_hover=&#8220;off&#8220; custom_margin=&#8220;-18px|||-15px||&#8220; custom_padding=&#8220;20px|22px|20px|25px||&#8220; link_option_url=&#8220;@ET-DC@eyJkeW5hbWljIjp0cnVlLCJjb250ZW50IjoicG9zdF9saW5rX3VybCIsInNldHRpbmdzIjp7fX0=@&#8220; custom_css_promo_button=&#8220;padding: 6px 40px 6px 30px !important;&#8220;]<\/p>\n<p>Alle notwendigen Informationen und Unterlagen f\u00fcr die Aufnahme in unser Heim an einem Ort..<\/p>\n<p>[\/et_pb_cta][\/et_pb_column][\/et_pb_row][\/et_pb_section][et_pb_section fb_built=&#8220;1&#8243; admin_label=&#8220;Blog&#8220; _builder_version=&#8220;3.22.3&#8243; custom_padding=&#8220;0px|||||&#8220; collapsed=&#8220;on&#8220;][et_pb_row custom_padding=&#8220;0px||0px|||&#8220; custom_margin=&#8220;22px|auto||auto||&#8220; _builder_version=&#8220;3.22.4&#8243; collapsed=&#8220;on&#8220;][et_pb_column type=&#8220;4_4&#8243; _builder_version=&#8220;3.0.47&#8243;][et_pb_text admin_label=&#8220;Title&#8220; _builder_version=&#8220;3.22.4&#8243; text_font=&#8220;||||||||&#8220; header_font=&#8220;|600|||||||&#8220; header_2_font=&#8220;|600|||||||&#8220; header_2_text_color=&#8220;#1e1e1e&#8220; header_2_font_size=&#8220;44px&#8220; header_2_letter_spacing=&#8220;-1px&#8220; header_2_line_height=&#8220;1.8em&#8220; text_orientation=&#8220;center&#8220; min_height=&#8220;78px&#8220; custom_margin=&#8220;||15px|&#8220; custom_padding=&#8220;||0px|||&#8220; animation_style=&#8220;fade&#8220;]<\/p>\n<h2 style=\"text-align: left;\">Ank\u00fcndigungen und Neuigkeiten<\/h2>\n<p>[\/et_pb_text][\/et_pb_column][\/et_pb_row][et_pb_row custom_padding=&#8220;9px|||||&#8220; _builder_version=&#8220;3.22.3&#8243; min_height=&#8220;369px&#8220;][et_pb_column type=&#8220;4_4&#8243; _builder_version=&#8220;3.0.47&#8243;][et_pb_blog fullwidth=&#8220;off&#8220; posts_number=&#8220;3&#8243; include_categories=&#8220;all&#8220; meta_date=&#8220;j. m. Y&#8220; show_author=&#8220;off&#8220; show_pagination=&#8220;off&#8220; _builder_version=&#8220;3.22.4&#8243; header_font=&#8220;|700|||||||&#8220; header_font_size=&#8220;23px&#8220; header_line_height=&#8220;1.5em&#8220; body_font=&#8220;||||||||&#8220; body_line_height=&#8220;1.9em&#8220; meta_font=&#8220;|||on|||||&#8220; meta_font_size=&#8220;11px&#8220; meta_line_height=&#8220;2.2em&#8220; border_width_all=&#8220;0px&#8220; box_shadow_style=&#8220;preset3&#8243; box_shadow_vertical=&#8220;45px&#8220; box_shadow_blur=&#8220;71px&#8220; box_shadow_color=&#8220;rgba(18,47,100,0.06)&#8220; child_filter_brightness=&#8220;80%&#8220; child_filter_contrast=&#8220;115%&#8220; child_filter_invert=&#8220;8%&#8220; child_mix_blend_mode=&#8220;darken&#8220;][\/et_pb_blog][\/et_pb_column][\/et_pb_row][\/et_pb_section]<\/p>\n","protected":false},"excerpt":{"rendered":"<p>Das Vitanova Heim ist stolz auf die Erbringung professioneller Dienstleistung, die dem Fachpersonal und der Teamarbeit aller Mitarbeiter zuzuschreiben ist. STANDARD DER QUALIT\u00c4T DER UNTERKUNFT UND PFLEGEDienstleistungen des Vitanova HeimsDas Vitanova Heim ist stolz auf die Erbringung professioneller Dienstleistung, die dem Fachpersonal und der Teamarbeit aller Mitarbeiter zuzuschreiben ist. In unserem Heim bieten wir folgende [&hellip;]<\/p>\n","protected":false},"author":1,"featured_media":0,"parent":0,"menu_order":0,"comment_status":"closed","ping_status":"closed","template":"","meta":{"_et_pb_use_builder":"on","_et_pb_old_content":"","_et_gb_content_width":""},"categories":[],"tags":[],"_links":{"self":[{"href":"https:\/\/www.vitanovadom.hr\/de\/wp-json\/wp\/v2\/pages\/1916"}],"collection":[{"href":"https:\/\/www.vitanovadom.hr\/de\/wp-json\/wp\/v2\/pages"}],"about":[{"href":"https:\/\/www.vitanovadom.hr\/de\/wp-json\/wp\/v2\/types\/page"}],"author":[{"embeddable":true,"href":"https:\/\/www.vitanovadom.hr\/de\/wp-json\/wp\/v2\/users\/1"}],"replies":[{"embeddable":true,"href":"https:\/\/www.vitanovadom.hr\/de\/wp-json\/wp\/v2\/comments?post=1916"}],"version-history":[{"count":6,"href":"https:\/\/www.vitanovadom.hr\/de\/wp-json\/wp\/v2\/pages\/1916\/revisions"}],"predecessor-version":[{"id":2379,"href":"https:\/\/www.vitanovadom.hr\/de\/wp-json\/wp\/v2\/pages\/1916\/revisions\/2379"}],"wp:attachment":[{"href":"https:\/\/www.vitanovadom.hr\/de\/wp-json\/wp\/v2\/media?parent=1916"}],"wp:term":[{"taxonomy":"category","embeddable":true,"href":"https:\/\/www.vitanovadom.hr\/de\/wp-json\/wp\/v2\/categories?post=1916"},{"taxonomy":"post_tag","embeddable":true,"href":"https:\/\/www.vitanovadom.hr\/de\/wp-json\/wp\/v2\/tags?post=1916"}],"curies":[{"name":"wp","href":"https:\/\/api.w.org\/{rel}","templated":true}]}}