{"id":1912,"date":"2019-05-11T18:39:51","date_gmt":"2019-05-11T18:39:51","guid":{"rendered":"https:\/\/www.vitanovadom.hr\/unterkunft\/objekti-b-i-c\/"},"modified":"2020-02-04T12:10:15","modified_gmt":"2020-02-04T12:10:15","slug":"gebaeude-b-und-c","status":"publish","type":"page","link":"https:\/\/www.vitanovadom.hr\/de\/unterkunft\/gebaeude-b-und-c\/","title":{"rendered":"Geb\u00e4ude B und C"},"content":{"rendered":"<p>[et_pb_section fb_built=&#8220;1&#8243; custom_padding_last_edited=&#8220;off|desktop&#8220; admin_label=&#8220;banner hero 2&#8243; _builder_version=&#8220;3.22.4&#8243; use_background_color_gradient=&#8220;on&#8220; background_color_gradient_start=&#8220;rgba(0,0,0,0.75)&#8220; background_color_gradient_end=&#8220;rgba(0,0,0,0.2)&#8220; background_color_gradient_direction=&#8220;90deg&#8220; background_color_gradient_overlays_image=&#8220;on&#8220; background_image=&#8220;https:\/\/www.vitanovadom.hr\/wp-content\/uploads\/2020\/02\/Geb\u00e4ude-B-und-C.jpg&#8220; background_position=&#8220;top_right&#8220; custom_padding=&#8220;130px||120px|||&#8220; collapsed=&#8220;on&#8220;][et_pb_row custom_padding=&#8220;3px||2px|||&#8220; custom_margin=&#8220;|||&#8220; _builder_version=&#8220;3.22.3&#8243; background_size=&#8220;initial&#8220; background_position=&#8220;top_left&#8220; background_repeat=&#8220;repeat&#8220; min_height=&#8220;152px&#8220; animation_style=&#8220;zoom&#8220; animation_intensity_zoom=&#8220;4%&#8220;][et_pb_column type=&#8220;3_5&#8243; _builder_version=&#8220;3.0.47&#8243;][et_pb_post_title meta=&#8220;off&#8220; featured_image=&#8220;off&#8220; _builder_version=&#8220;3.22.4&#8243; title_font=&#8220;Playfair Display|700|||||||&#8220; title_text_color=&#8220;#ffffff&#8220; title_font_size=&#8220;67px&#8220; title_letter_spacing=&#8220;-1px&#8220; custom_margin=&#8220;-1px||-2px|||&#8220;][\/et_pb_post_title][et_pb_text _builder_version=&#8220;3.22.4&#8243; text_font=&#8220;Playfair Display||||||||&#8220; text_text_color=&#8220;#ffffff&#8220; text_font_size=&#8220;25px&#8220; text_line_height=&#8220;1.75em&#8220; header_font=&#8220;||||||||&#8220; custom_padding=&#8220;0px||0px|||&#8220; animation_style=&#8220;flip&#8220;]<\/p>\n<blockquote>\n<p>\u00a0<span>Die Geb\u00e4ude B und C sind f\u00fcr die Unterbringung von halbbeweglichen und unbeweglichen  Heimbewohnern gedacht, die einen ernsthaften Allgemeinzustand aufweisen.<\/span><\/p>\n<\/blockquote>\n<p>[\/et_pb_text][\/et_pb_column][et_pb_column type=&#8220;2_5&#8243; _builder_version=&#8220;3.0.47&#8243;][\/et_pb_column][\/et_pb_row][\/et_pb_section][et_pb_section fb_built=&#8220;1&#8243; admin_label=&#8220;PONUDA&#8220; _builder_version=&#8220;3.22.4&#8243; background_size=&#8220;initial&#8220; custom_padding=&#8220;5px||6px|||&#8220; collapsed=&#8220;on&#8220;][et_pb_row custom_padding=&#8220;50px|0px|0px|||&#8220; custom_margin=&#8220;0px|auto||auto||&#8220; _builder_version=&#8220;3.22.4&#8243; collapsed=&#8220;on&#8220;][et_pb_column type=&#8220;2_5&#8243; _builder_version=&#8220;3.0.47&#8243;][et_pb_text admin_label=&#8220;Title&#8220; _builder_version=&#8220;3.22.4&#8243; text_font=&#8220;Playfair Display|600|||||||&#8220; text_font_size=&#8220;23px&#8220; text_line_height=&#8220;1.5em&#8220; header_font=&#8220;Playfair Display|700|||||||&#8220; header_text_align=&#8220;left&#8220; header_2_font=&#8220;|600|||||||&#8220; header_2_text_color=&#8220;#1e1e1e&#8220; header_2_font_size=&#8220;44px&#8220; header_2_letter_spacing=&#8220;-1px&#8220; header_2_line_height=&#8220;1.8em&#8220; text_orientation=&#8220;center&#8220; custom_margin=&#8220;||0px|&#8220; custom_padding=&#8220;||38px|||&#8220; animation_style=&#8220;fade&#8220;]<\/p>\n<blockquote>\n<p style=\"text-align: left;\"><em><b>Medizinische Versorgung und intensive \u00dcberwachung und Hilfeleistung je nach den spezifischen Bed\u00fcrfnissen des Heimbewohners.<\/b><\/em><\/p>\n<\/blockquote>\n<p>[\/et_pb_text][et_pb_cta title=&#8220;Versorgung des Heimbewohners 24 Stunden am Tag&#8220; button_url=&#8220;http:\/\/Vi\u0161e%20informacija&#8220; button_text=&#8220;UNTERLAGEN UND ANFRAGEN&#8220; _builder_version=&#8220;3.22.4&#8243; _dynamic_attributes=&#8220;link_option_url&#8220; header_level=&#8220;h3&#8243; header_font=&#8220;||||||||&#8220; header_font_size=&#8220;23px&#8220; header_line_height=&#8220;1.2em&#8220; custom_button=&#8220;on&#8220; button_text_size=&#8220;13px&#8220; button_border_width=&#8220;1px&#8220; button_border_radius=&#8220;25px&#8220; button_font=&#8220;|600||on|||||&#8220; button_icon=&#8220;%%45%%&#8220; button_on_hover=&#8220;off&#8220; custom_margin=&#8220;|||||&#8220; custom_padding=&#8220;30px|22px|30px|25px||&#8220; link_option_url=&#8220;@ET-DC@eyJkeW5hbWljIjp0cnVlLCJjb250ZW50IjoicG9zdF9saW5rX3VybCIsInNldHRpbmdzIjp7fX0=@&#8220; custom_css_promo_button=&#8220;padding: 6px 40px 6px 30px !important;&#8220;]<\/p>\n<p>Die Pflege und Betreuung der Heimbewohner \u00fcbernimmt das professionelle Heimpersonal, das rund um die Uhr zur Verf\u00fcgung steht.<\/p>\n<p>[\/et_pb_cta][\/et_pb_column][et_pb_column type=&#8220;3_5&#8243; _builder_version=&#8220;3.0.47&#8243;][et_pb_text admin_label=&#8220;Title&#8220; _builder_version=&#8220;3.22.4&#8243; text_font=&#8220;||||||||&#8220; header_font=&#8220;|600|||||||&#8220; header_2_font=&#8220;|600|||||||&#8220; header_2_text_color=&#8220;#1e1e1e&#8220; header_2_font_size=&#8220;44px&#8220; header_2_letter_spacing=&#8220;-1px&#8220; header_2_line_height=&#8220;1.8em&#8220; width=&#8220;100%&#8220; custom_margin=&#8220;||15px|&#8220; custom_padding=&#8220;0px|||8px||&#8220; animation_style=&#8220;fade&#8220;]<\/p>\n<p><strong>Medizinische Versorgung und intensive \u00dcberwachung<\/strong><span><\/span><\/p>\n<p><span>Den Heimbewohnern, die in den Geb\u00e4uden B oder C untergebracht werden, wird medizinische Versorgung und intensive \u00dcberwachung und Hilfeleistung je nach den spezifischen Bed\u00fcrfnissen des Heimbewohners selbst gew\u00e4hrleistet. An jede Person wird ganz individuelle Herangehensweise nach berufsst\u00e4ndischen Regelungen gew\u00e4hrleistet.<\/span><\/p>\n<p><strong>Versorgung 24 Stunden am Tag<\/strong><span><\/span><\/p>\n<p><span style=\"font-size: 16px;\">Za skrb i njegu korisnika brine se stru\u010dno osoblje doma koje je na raspolaganju 24 sata dnevno.\u00a0<\/span><span style=\"font-size: 16px;\">Svim korisnicima osigurano je dono\u0161enje hrane u sobu za sva \u010detiri obroka na dan, dok se korisnicima koji izraze \u017eelju pru\u0107a mogu\u0107nost objeda u restoranu, zajedno sa korisnicima iz stambenog dijela ustanove.\u00a0<\/span><\/p>\n<p><span style=\"font-size: 16px;\"><strong>Abteilung f\u00fcr an Alzheimerkrankheit erkrankte Personen<\/strong><\/span><\/p>\n<p><span>Eine Besonderkeit der Geb\u00e4ude B und C ist die Abteilung f\u00fcr bewegliche an Alzheimerkrankheit erkrankte Menschen. Es ist eine besondere Abteilung, die technisch so ausgestattet ist, dass sie den an der Alzheimerkrankheit erkrankten Personen eine Unterkunft und Pflege bietet. Diesen Heimbewohnern wird besondere Aufmerksamkeit bei dem Organisieren allt\u00e4glicher Aktivit\u00e4ten und grundlegender Lebensbed\u00fcrfnisse nach den berufsst\u00e4ndischen Regeln gewidmet.<\/span><\/p>\n<p><strong>Unterkunft zu Rehabilitationszwecken<\/strong><\/p>\n<p>In beiden Geb\u00e4uden gibt es Einzel-, Doppel- und Dreibettzimmer, die mit speziellen Krankenhausbetten ausgestattet sind und \u00fcber gemeinsame Toilletenanlagen und Badezimmer verf\u00fcgen, die speziell auf die Bed\u00fcrfnisse der schwer beweglichen und unbeweglichen Personen zugeschnitten sind. <\/p>\n<p><span>In unseren Geb\u00e4uden bieten wir auch die Unterk\u00fcnfte zum Zweck der Rehabilitation nach Operationen, Schlaganf\u00e4llen und schweren K\u00f6rperverletzungen oder Langzeiterkrankungen an.<\/span><\/p>\n<p>[\/et_pb_text][\/et_pb_column][\/et_pb_row][\/et_pb_section][et_pb_section fb_built=&#8220;1&#8243; admin_label=&#8220;o nama&#8220; _builder_version=&#8220;3.22.4&#8243; min_height=&#8220;370px&#8220; custom_margin=&#8220;-17px||2px|||&#8220; custom_padding=&#8220;3px||27px|||&#8220; collapsed=&#8220;on&#8220;][et_pb_row custom_padding=&#8220;65px||4px|||&#8220; _builder_version=&#8220;3.22.4&#8243;][et_pb_column type=&#8220;4_4&#8243; _builder_version=&#8220;3.22.4&#8243;][et_pb_gallery gallery_ids=&#8220;2371,2373&#8243; show_title_and_caption=&#8220;off&#8220; show_pagination=&#8220;off&#8220; _builder_version=&#8220;3.22.4&#8243;][\/et_pb_gallery][\/et_pb_column][\/et_pb_row][et_pb_row custom_padding=&#8220;65px||18px|||&#8220; _builder_version=&#8220;3.22.4&#8243;][et_pb_column type=&#8220;1_3&#8243; _builder_version=&#8220;3.22.4&#8243;][et_pb_blurb title=&#8220;Gro\u00dfartige Lage&#8220; use_icon=&#8220;on&#8220; font_icon=&#8220;%%122%%&#8220; icon_placement=&#8220;left&#8220; _builder_version=&#8220;3.22.4&#8243; header_font=&#8220;Cormorant Garamond|800|||||||&#8220; header_font_size=&#8220;22px&#8220;]<\/p>\n<p>Unser Heim befindet sich in der N\u00e4he von Rijeka, umgeben von Ruhe und sch\u00f6nen Aussichtspunkten.<\/p>\n<p>[\/et_pb_blurb][\/et_pb_column][et_pb_column type=&#8220;1_3&#8243; _builder_version=&#8220;3.22.4&#8243;][et_pb_blurb title=&#8220;Komplette Heimbewohnerbehandlung&#8220; use_icon=&#8220;on&#8220; font_icon=&#8220;%%141%%&#8220; icon_placement=&#8220;left&#8220; _builder_version=&#8220;3.22.4&#8243; header_font=&#8220;Cormorant Garamond|800|||||||&#8220; header_font_size=&#8220;22px&#8220;]<\/p>\n<p>Die Unterkunft ist f\u00fcr die vollst\u00e4ndige k\u00f6rperliche, psychologische und soziale Behandlung der Heimbewohner konzipiert.<\/p>\n<p>[\/et_pb_blurb][\/et_pb_column][et_pb_column type=&#8220;1_3&#8243; _builder_version=&#8220;3.22.4&#8243;][et_pb_cta title=&#8220;Brauchen Sie mehr Informationen?&#8220; button_url=&#8220;http:\/\/Vi\u0161e%20informacija&#8220; button_text=&#8220;UNTERLAGEN UND ANFRAGEN&#8220; _builder_version=&#8220;3.22.4&#8243; _dynamic_attributes=&#8220;link_option_url&#8220; header_level=&#8220;h3&#8243; header_font=&#8220;||||||||&#8220; header_font_size=&#8220;23px&#8220; header_line_height=&#8220;1.2em&#8220; custom_button=&#8220;on&#8220; button_text_size=&#8220;13px&#8220; button_border_width=&#8220;1px&#8220; button_border_radius=&#8220;25px&#8220; button_font=&#8220;|600||on|||||&#8220; button_icon=&#8220;%%45%%&#8220; button_on_hover=&#8220;off&#8220; custom_margin=&#8220;-18px|||-15px||&#8220; custom_padding=&#8220;20px|22px|20px|25px||&#8220; link_option_url=&#8220;@ET-DC@eyJkeW5hbWljIjp0cnVlLCJjb250ZW50IjoicG9zdF9saW5rX3VybCIsInNldHRpbmdzIjp7fX0=@&#8220; custom_css_promo_button=&#8220;padding: 6px 40px 6px 30px !important;&#8220;]<\/p>\n<p>Alle notwendigen Informationen und Unterlagen f\u00fcr die Aufnahme in unser Heim an einem Ort.<\/p>\n<p>[\/et_pb_cta][\/et_pb_column][\/et_pb_row][\/et_pb_section][et_pb_section fb_built=&#8220;1&#8243; admin_label=&#8220;o nama&#8220; _builder_version=&#8220;3.22.4&#8243; min_height=&#8220;370px&#8220; custom_margin=&#8220;-17px||2px|||&#8220; custom_padding=&#8220;3px||16px|||&#8220; collapsed=&#8220;on&#8220;][et_pb_row use_custom_gutter=&#8220;on&#8220; gutter_width=&#8220;2&#8243; custom_padding=&#8220;||3px|||&#8220; make_equal=&#8220;on&#8220; _builder_version=&#8220;3.22.4&#8243;][et_pb_column type=&#8220;4_4&#8243; _builder_version=&#8220;3.22.4&#8243;][et_pb_text admin_label=&#8220;Title&#8220; _builder_version=&#8220;3.22.4&#8243; text_font=&#8220;||||||||&#8220; header_font=&#8220;|600|||||||&#8220; header_2_font=&#8220;|600|||||||&#8220; header_2_text_color=&#8220;#1e1e1e&#8220; header_2_font_size=&#8220;44px&#8220; header_2_letter_spacing=&#8220;-1px&#8220; header_2_line_height=&#8220;1.8em&#8220; text_orientation=&#8220;center&#8220; min_height=&#8220;78px&#8220; custom_margin=&#8220;||15px|&#8220; custom_padding=&#8220;||20px|||&#8220; animation_style=&#8220;fade&#8220;]<\/p>\n<h2 style=\"text-align: left;\">Unterkunft im Vitanova Heim<\/h2>\n<p style=\"text-align: left;\"><span>Der h\u00f6chste Standard der Unterkunft f\u00fcr alte und pflegebed\u00fcrftige Personen in dem Raum, der von Ruhe und hervorragenden Aussichtspunkten umgeben ist.<\/span><\/p>\n<p>[\/et_pb_text][et_pb_portfolio fullwidth=&#8220;off&#8220; posts_number=&#8220;4&#8243; include_categories=&#8220;9&#8243; show_categories=&#8220;off&#8220; show_pagination=&#8220;off&#8220; zoom_icon_color=&#8220;#ffffff&#8220; hover_overlay_color=&#8220;#ffffff&#8220; _builder_version=&#8220;3.22.4&#8243; title_font=&#8220;|700|||||||&#8220; title_text_color=&#8220;#000000&#8243; title_font_size=&#8220;21px&#8220; title_line_height=&#8220;1.6em&#8220; min_height=&#8220;235px&#8220; custom_margin=&#8220;|||||&#8220; custom_padding=&#8220;||0px|||&#8220;][\/et_pb_portfolio][\/et_pb_column][\/et_pb_row][\/et_pb_section][et_pb_section fb_built=&#8220;1&#8243; admin_label=&#8220;o nama&#8220; _builder_version=&#8220;3.22.4&#8243; background_color=&#8220;#f4f4f4&#8243; min_height=&#8220;364px&#8220; custom_margin=&#8220;-17px||2px|||&#8220; custom_padding=&#8220;3px||70px|||&#8220; collapsed=&#8220;on&#8220;][et_pb_row use_custom_gutter=&#8220;on&#8220; gutter_width=&#8220;2&#8243; custom_padding=&#8220;||3px|||&#8220; make_equal=&#8220;on&#8220; _builder_version=&#8220;3.22.4&#8243;][et_pb_column type=&#8220;4_4&#8243; _builder_version=&#8220;3.22.4&#8243;][et_pb_text admin_label=&#8220;Title&#8220; _builder_version=&#8220;3.22.4&#8243; text_font=&#8220;||||||||&#8220; header_font=&#8220;|600|||||||&#8220; header_2_font=&#8220;|600|||||||&#8220; header_2_text_color=&#8220;#1e1e1e&#8220; header_2_font_size=&#8220;44px&#8220; header_2_letter_spacing=&#8220;-1px&#8220; header_2_line_height=&#8220;1.8em&#8220; text_orientation=&#8220;center&#8220; min_height=&#8220;78px&#8220; custom_margin=&#8220;||15px|&#8220; custom_padding=&#8220;||0px|||&#8220; animation_style=&#8220;fade&#8220;]<\/p>\n<h2 style=\"text-align: left;\">Dienstleistungen<\/h2>\n<p>[\/et_pb_text][et_pb_portfolio fullwidth=&#8220;off&#8220; posts_number=&#8220;4&#8243; include_categories=&#8220;8&#8243; show_categories=&#8220;off&#8220; show_pagination=&#8220;off&#8220; zoom_icon_color=&#8220;#ffffff&#8220; hover_overlay_color=&#8220;#ffffff&#8220; _builder_version=&#8220;3.22.4&#8243; title_font=&#8220;|700|||||||&#8220; title_text_color=&#8220;#000000&#8243; title_font_size=&#8220;19px&#8220; min_height=&#8220;235px&#8220; custom_margin=&#8220;|||||&#8220; custom_padding=&#8220;|||||&#8220;][\/et_pb_portfolio][et_pb_button button_url=&#8220;\/usluge\/&#8220; button_text=&#8220;Dienstleistungen&#8220; button_alignment=&#8220;center&#8220; _builder_version=&#8220;3.22.4&#8243; custom_button=&#8220;on&#8220; button_text_size=&#8220;15px&#8220; button_text_color=&#8220;#9d4276&#8243; button_bg_color_gradient_start=&#8220;#78aa4a&#8220; button_bg_color_gradient_end=&#8220;#8ed34a&#8220; button_bg_color_gradient_direction=&#8220;90deg&#8220; button_border_width=&#8220;1px&#8220; button_border_color=&#8220;#9d4276&#8243; button_border_radius=&#8220;55px&#8220; button_letter_spacing=&#8220;0px&#8220; button_font=&#8220;|600||on|||||&#8220; button_icon=&#8220;%%3%%&#8220; button_icon_color=&#8220;#9d4276&#8243; button_on_hover=&#8220;off&#8220; background_layout=&#8220;dark&#8220; custom_margin=&#8220;|||&#8220; custom_padding=&#8220;12px|72px|12px|55px&#8220; animation_style=&#8220;zoom&#8220; animation_direction=&#8220;left&#8220; animation_delay=&#8220;200ms&#8220; animation_intensity_zoom=&#8220;10%&#8220; button_text_size__hover_enabled=&#8220;off&#8220; button_one_text_size__hover_enabled=&#8220;off&#8220; button_two_text_size__hover_enabled=&#8220;off&#8220; button_text_color__hover_enabled=&#8220;off&#8220; button_one_text_color__hover_enabled=&#8220;off&#8220; button_two_text_color__hover_enabled=&#8220;off&#8220; button_border_width__hover_enabled=&#8220;off&#8220; button_one_border_width__hover_enabled=&#8220;off&#8220; button_two_border_width__hover_enabled=&#8220;off&#8220; button_border_color__hover_enabled=&#8220;off&#8220; button_one_border_color__hover_enabled=&#8220;off&#8220; button_two_border_color__hover_enabled=&#8220;off&#8220; button_border_radius__hover_enabled=&#8220;off&#8220; button_one_border_radius__hover_enabled=&#8220;off&#8220; button_two_border_radius__hover_enabled=&#8220;off&#8220; button_letter_spacing__hover_enabled=&#8220;off&#8220; button_one_letter_spacing__hover_enabled=&#8220;off&#8220; button_two_letter_spacing__hover_enabled=&#8220;off&#8220; button_bg_color__hover_enabled=&#8220;off&#8220; button_one_bg_color__hover_enabled=&#8220;off&#8220; button_two_bg_color__hover_enabled=&#8220;off&#8220;][\/et_pb_button][\/et_pb_column][\/et_pb_row][\/et_pb_section]<\/p>\n","protected":false},"excerpt":{"rendered":"<p>\u00a0Die Geb\u00e4ude B und C sind f\u00fcr die Unterbringung von halbbeweglichen und unbeweglichen Heimbewohnern gedacht, die einen ernsthaften Allgemeinzustand aufweisen. Medizinische Versorgung und intensive \u00dcberwachung und Hilfeleistung je nach den spezifischen Bed\u00fcrfnissen des Heimbewohners. Die Pflege und Betreuung der Heimbewohner \u00fcbernimmt das professionelle Heimpersonal, das rund um die Uhr zur Verf\u00fcgung steht.Medizinische Versorgung und intensive [&hellip;]<\/p>\n","protected":false},"author":1,"featured_media":0,"parent":1904,"menu_order":0,"comment_status":"closed","ping_status":"closed","template":"","meta":{"_et_pb_use_builder":"on","_et_pb_old_content":"","_et_gb_content_width":""},"categories":[32],"tags":[],"_links":{"self":[{"href":"https:\/\/www.vitanovadom.hr\/de\/wp-json\/wp\/v2\/pages\/1912"}],"collection":[{"href":"https:\/\/www.vitanovadom.hr\/de\/wp-json\/wp\/v2\/pages"}],"about":[{"href":"https:\/\/www.vitanovadom.hr\/de\/wp-json\/wp\/v2\/types\/page"}],"author":[{"embeddable":true,"href":"https:\/\/www.vitanovadom.hr\/de\/wp-json\/wp\/v2\/users\/1"}],"replies":[{"embeddable":true,"href":"https:\/\/www.vitanovadom.hr\/de\/wp-json\/wp\/v2\/comments?post=1912"}],"version-history":[{"count":5,"href":"https:\/\/www.vitanovadom.hr\/de\/wp-json\/wp\/v2\/pages\/1912\/revisions"}],"predecessor-version":[{"id":2375,"href":"https:\/\/www.vitanovadom.hr\/de\/wp-json\/wp\/v2\/pages\/1912\/revisions\/2375"}],"up":[{"embeddable":true,"href":"https:\/\/www.vitanovadom.hr\/de\/wp-json\/wp\/v2\/pages\/1904"}],"wp:attachment":[{"href":"https:\/\/www.vitanovadom.hr\/de\/wp-json\/wp\/v2\/media?parent=1912"}],"wp:term":[{"taxonomy":"category","embeddable":true,"href":"https:\/\/www.vitanovadom.hr\/de\/wp-json\/wp\/v2\/categories?post=1912"},{"taxonomy":"post_tag","embeddable":true,"href":"https:\/\/www.vitanovadom.hr\/de\/wp-json\/wp\/v2\/tags?post=1912"}],"curies":[{"name":"wp","href":"https:\/\/api.w.org\/{rel}","templated":true}]}}